{"id":863,"date":"2022-03-23T16:27:57","date_gmt":"2022-03-23T15:27:57","guid":{"rendered":"https:\/\/nice.cloudconnection.ch\/engadin-airport_dev\/?page_id=863"},"modified":"2023-07-24T16:58:20","modified_gmt":"2023-07-24T14:58:20","slug":"fire-department","status":"publish","type":"page","link":"https:\/\/www.engadin-airport.ch\/en\/feuerwehr\/","title":{"rendered":"Fire brigade"},"content":{"rendered":"<div data-elementor-type=\"wp-page\" data-elementor-id=\"863\" class=\"elementor elementor-863\" data-elementor-post-type=\"page\">\n\t\t\t\t\t\t<section class=\"elementor-section elementor-top-section elementor-element elementor-element-be2232e elementor-section-height-min-height elementor-section-full_width cc_ondark elementor-section-height-default elementor-section-items-middle\" data-id=\"be2232e\" data-element_type=\"section\" data-e-type=\"section\" data-settings=\"{&quot;background_background&quot;:&quot;classic&quot;}\">\n\t\t\t\t\t\t<div class=\"elementor-container elementor-column-gap-default\">\n\t\t\t\t\t<div class=\"elementor-column elementor-col-100 elementor-top-column elementor-element elementor-element-284ae06\" data-id=\"284ae06\" data-element_type=\"column\" data-e-type=\"column\">\n\t\t\t<div class=\"elementor-widget-wrap elementor-element-populated\">\n\t\t\t\t\t\t<div class=\"elementor-element elementor-element-a90e387 elementor-widget elementor-widget-heading\" data-id=\"a90e387\" data-element_type=\"widget\" data-e-type=\"widget\" data-widget_type=\"heading.default\">\n\t\t\t\t<div class=\"elementor-widget-container\">\n\t\t\t\t\t<h3 class=\"elementor-heading-title elementor-size-default\">Engadine Airport<\/h3>\t\t\t\t<\/div>\n\t\t\t\t<\/div>\n\t\t\t\t<div class=\"elementor-element elementor-element-e7ce24c elementor-widget elementor-widget-heading\" data-id=\"e7ce24c\" data-element_type=\"widget\" data-e-type=\"widget\" data-widget_type=\"heading.default\">\n\t\t\t\t<div class=\"elementor-widget-container\">\n\t\t\t\t\t<h1 class=\"elementor-heading-title elementor-size-default\">Airport fire brigade<\/h1>\t\t\t\t<\/div>\n\t\t\t\t<\/div>\n\t\t\t\t\t<\/div>\n\t\t<\/div>\n\t\t\t\t\t<\/div>\n\t\t<\/section>\n\t\t\t\t<section class=\"elementor-section elementor-top-section elementor-element elementor-element-766b39d elementor-section-full_width elementor-section-height-min-height elementor-section-items-stretch elementor-reverse-mobile elementor-reverse-tablet elementor-section-height-default\" data-id=\"766b39d\" data-element_type=\"section\" data-e-type=\"section\" data-settings=\"{&quot;background_background&quot;:&quot;classic&quot;}\">\n\t\t\t\t\t\t<div class=\"elementor-container elementor-column-gap-default\">\n\t\t\t\t\t<div class=\"elementor-column elementor-col-50 elementor-top-column elementor-element elementor-element-96f4ed3\" data-id=\"96f4ed3\" data-element_type=\"column\" data-e-type=\"column\" data-settings=\"{&quot;background_background&quot;:&quot;classic&quot;}\">\n\t\t\t<div class=\"elementor-widget-wrap elementor-element-populated\">\n\t\t\t\t\t\t<div class=\"elementor-element elementor-element-e3429a0 elementor-widget elementor-widget-spacer\" data-id=\"e3429a0\" data-element_type=\"widget\" data-e-type=\"widget\" data-widget_type=\"spacer.default\">\n\t\t\t\t<div class=\"elementor-widget-container\">\n\t\t\t\t\t\t\t<div class=\"elementor-spacer\">\n\t\t\t<div class=\"elementor-spacer-inner\"><\/div>\n\t\t<\/div>\n\t\t\t\t\t\t<\/div>\n\t\t\t\t<\/div>\n\t\t\t\t\t<\/div>\n\t\t<\/div>\n\t\t\t\t<div class=\"elementor-column elementor-col-50 elementor-top-column elementor-element elementor-element-052e9ee\" data-id=\"052e9ee\" data-element_type=\"column\" data-e-type=\"column\">\n\t\t\t<div class=\"elementor-widget-wrap elementor-element-populated\">\n\t\t\t\t\t\t<div class=\"elementor-element elementor-element-dd2a71b elementor-widget elementor-widget-text-editor\" data-id=\"dd2a71b\" data-element_type=\"widget\" data-e-type=\"widget\" data-widget_type=\"text-editor.default\">\n\t\t\t\t<div class=\"elementor-widget-container\">\n\t\t\t\t\t\t\t\t\t<p>The Engadine Airport has its own aerodrome rescue &amp; fire fighting service that is well-trained and equipped to handle fire control in an aviation setting. It guarantees the fire fighting capacity for ICAO Fire Fighting Categories 1 through 6 on 365 days a year.<\/p><p>The airport's rescue and firefighting personnel receive recurrent instruction in specialised training centres for aerodrome fire brigades and participate in live drills at least six times a year. <\/p>\t\t\t\t\t\t\t\t<\/div>\n\t\t\t\t<\/div>\n\t\t\t\t\t<\/div>\n\t\t<\/div>\n\t\t\t\t\t<\/div>\n\t\t<\/section>\n\t\t\t\t<section class=\"elementor-section elementor-top-section elementor-element elementor-element-495811e elementor-section-full_width elementor-section-height-min-height elementor-section-items-stretch elementor-section-height-default\" data-id=\"495811e\" data-element_type=\"section\" data-e-type=\"section\" data-settings=\"{&quot;background_background&quot;:&quot;classic&quot;}\">\n\t\t\t\t\t\t<div class=\"elementor-container elementor-column-gap-default\">\n\t\t\t\t\t<div class=\"elementor-column elementor-col-50 elementor-top-column elementor-element elementor-element-78c4135\" data-id=\"78c4135\" data-element_type=\"column\" data-e-type=\"column\">\n\t\t\t<div class=\"elementor-widget-wrap elementor-element-populated\">\n\t\t\t\t\t\t<div class=\"elementor-element elementor-element-6242606 elementor-widget elementor-widget-text-editor\" data-id=\"6242606\" data-element_type=\"widget\" data-e-type=\"widget\" data-widget_type=\"text-editor.default\">\n\t\t\t\t<div class=\"elementor-widget-container\">\n\t\t\t\t\t\t\t\t\t<p>The airport's two modern firefighting vehicles carry different firefighting agents and can rapidly reach any point of the airfield.<\/p>\t\t\t\t\t\t\t\t<\/div>\n\t\t\t\t<\/div>\n\t\t\t\t<div class=\"elementor-element elementor-element-f476a16 elementor-widget elementor-widget-text-editor\" data-id=\"f476a16\" data-element_type=\"widget\" data-e-type=\"widget\" data-widget_type=\"text-editor.default\">\n\t\t\t\t<div class=\"elementor-widget-container\">\n\t\t\t\t\t\t\t\t\t<h3>Mercedes Actros 3355 6X6<\/h3><p>Crew of 6 people<br \/>8000 litres of water<br \/>1000 litres of foam<br \/>250 kg extinguishing powder<\/p>\t\t\t\t\t\t\t\t<\/div>\n\t\t\t\t<\/div>\n\t\t\t\t<div class=\"elementor-element elementor-element-323daad elementor-widget elementor-widget-text-editor\" data-id=\"323daad\" data-element_type=\"widget\" data-e-type=\"widget\" data-widget_type=\"text-editor.default\">\n\t\t\t\t<div class=\"elementor-widget-container\">\n\t\t\t\t\t\t\t\t\t<h3>Mercedes Atego 1127 4\u00d74<\/h3><p>Crew of 5 people<br \/>2000 litres of water<br \/>100 litres of foam<br \/>150 kg extinguishing powder<\/p>\t\t\t\t\t\t\t\t<\/div>\n\t\t\t\t<\/div>\n\t\t\t\t<div class=\"elementor-element elementor-element-2ea7520 elementor-widget elementor-widget-heading\" data-id=\"2ea7520\" data-element_type=\"widget\" data-e-type=\"widget\" data-widget_type=\"heading.default\">\n\t\t\t\t<div class=\"elementor-widget-container\">\n\t\t\t\t\t<h3 class=\"elementor-heading-title elementor-size-default\">Information for pilots<\/h3>\t\t\t\t<\/div>\n\t\t\t\t<\/div>\n\t\t\t\t<div class=\"elementor-element elementor-element-73c9f76 elementor-widget elementor-widget-text-editor\" data-id=\"73c9f76\" data-element_type=\"widget\" data-e-type=\"widget\" data-widget_type=\"text-editor.default\">\n\t\t\t\t<div class=\"elementor-widget-container\">\n\t\t\t\t\t\t\t\t\t<p><strong>Firefighting agents:<\/strong> cf. AD INFO 2<\/p><p><strong>ICAO- Category:<\/strong> 2<br \/><strong>ICAO- Category:<\/strong> 3 \u2013 6: on request 3 hrs before ETA or ETD, respectively <br \/><br \/><\/p>\t\t\t\t\t\t\t\t<\/div>\n\t\t\t\t<\/div>\n\t\t\t\t\t<\/div>\n\t\t<\/div>\n\t\t\t\t<div class=\"elementor-column elementor-col-50 elementor-top-column elementor-element elementor-element-867797f\" data-id=\"867797f\" data-element_type=\"column\" data-e-type=\"column\" data-settings=\"{&quot;background_background&quot;:&quot;classic&quot;}\">\n\t\t\t<div class=\"elementor-widget-wrap elementor-element-populated\">\n\t\t\t\t\t\t<div class=\"elementor-element elementor-element-50cc873 elementor-widget elementor-widget-spacer\" data-id=\"50cc873\" data-element_type=\"widget\" data-e-type=\"widget\" data-widget_type=\"spacer.default\">\n\t\t\t\t<div class=\"elementor-widget-container\">\n\t\t\t\t\t\t\t<div class=\"elementor-spacer\">\n\t\t\t<div class=\"elementor-spacer-inner\"><\/div>\n\t\t<\/div>\n\t\t\t\t\t\t<\/div>\n\t\t\t\t<\/div>\n\t\t\t\t\t<\/div>\n\t\t<\/div>\n\t\t\t\t\t<\/div>\n\t\t<\/section>\n\t\t\t\t<\/div>","protected":false},"excerpt":{"rendered":"<p>Engadin Airport Flughafen-Feuerwehr Der Engadin Airport verf\u00fcgt \u00fcber eine eigene Betriebsfeuerwehr, die f\u00fcr die Brandbek\u00e4mpfung im Zusammenhang mit dem Flugbetrieb ausger\u00fcstet und ausgebildet ist. Sie deckt an 365 Tagen die ICAO Feuerkategorien 1 bis 6 ab. Die Mitglieder der Flughafen-Feuerwehr besuchen regelm\u00e4ssig Weiterbildungskurse f\u00fcr Flughafenfeuerwehren in daf\u00fcr spezialisierten Zentren und \u00fcben den Ernstfall an mindestens [&hellip;]<\/p>\n","protected":false},"author":5,"featured_media":0,"parent":0,"menu_order":0,"comment_status":"closed","ping_status":"closed","template":"","meta":{"footnotes":""},"class_list":["post-863","page","type-page","status-publish","hentry"],"yoast_head":"<!-- This site is optimized with the Yoast SEO plugin v27.4 - https:\/\/yoast.com\/product\/yoast-seo-wordpress\/ -->\n<title>Feuerwehr - Engadin Airport St. Moritz - Samedan<\/title>\n<meta name=\"robots\" content=\"index, follow, max-snippet:-1, max-image-preview:large, max-video-preview:-1\" \/>\n<link rel=\"canonical\" href=\"https:\/\/www.engadin-airport.ch\/en\/fire-department\/\" \/>\n<meta property=\"og:locale\" content=\"en_GB\" \/>\n<meta property=\"og:type\" content=\"article\" \/>\n<meta property=\"og:title\" content=\"Feuerwehr - Engadin Airport St. Moritz - Samedan\" \/>\n<meta property=\"og:description\" content=\"Engadin Airport Flughafen-Feuerwehr Der Engadin Airport verf\u00fcgt \u00fcber eine eigene Betriebsfeuerwehr, die f\u00fcr die Brandbek\u00e4mpfung im Zusammenhang mit dem Flugbetrieb ausger\u00fcstet und ausgebildet ist. Sie deckt an 365 Tagen die ICAO Feuerkategorien 1 bis 6 ab. Die Mitglieder der Flughafen-Feuerwehr besuchen regelm\u00e4ssig Weiterbildungskurse f\u00fcr Flughafenfeuerwehren in daf\u00fcr spezialisierten Zentren und \u00fcben den Ernstfall an mindestens [&hellip;]\" \/>\n<meta property=\"og:url\" content=\"https:\/\/www.engadin-airport.ch\/en\/fire-department\/\" \/>\n<meta property=\"og:site_name\" content=\"Engadin Airport St. Moritz - Samedan\" \/>\n<meta property=\"article:modified_time\" content=\"2023-07-24T14:58:20+00:00\" \/>\n<meta name=\"twitter:card\" content=\"summary_large_image\" \/>\n<meta name=\"twitter:label1\" content=\"Estimated reading time\" \/>\n\t<meta name=\"twitter:data1\" content=\"1 minute\" \/>\n<script type=\"application\/ld+json\" class=\"yoast-schema-graph\">{\"@context\":\"https:\\\/\\\/schema.org\",\"@graph\":[{\"@type\":\"WebPage\",\"@id\":\"https:\\\/\\\/www.engadin-airport.ch\\\/feuerwehr\\\/\",\"url\":\"https:\\\/\\\/www.engadin-airport.ch\\\/feuerwehr\\\/\",\"name\":\"Feuerwehr - Engadin Airport St. Moritz - Samedan\",\"isPartOf\":{\"@id\":\"https:\\\/\\\/www.engadin-airport.ch\\\/#website\"},\"datePublished\":\"2022-03-23T15:27:57+00:00\",\"dateModified\":\"2023-07-24T14:58:20+00:00\",\"breadcrumb\":{\"@id\":\"https:\\\/\\\/www.engadin-airport.ch\\\/feuerwehr\\\/#breadcrumb\"},\"inLanguage\":\"en-GB\",\"potentialAction\":[{\"@type\":\"ReadAction\",\"target\":[\"https:\\\/\\\/www.engadin-airport.ch\\\/feuerwehr\\\/\"]}]},{\"@type\":\"BreadcrumbList\",\"@id\":\"https:\\\/\\\/www.engadin-airport.ch\\\/feuerwehr\\\/#breadcrumb\",\"itemListElement\":[{\"@type\":\"ListItem\",\"position\":1,\"name\":\"Startseite\",\"item\":\"https:\\\/\\\/www.engadin-airport.ch\\\/\"},{\"@type\":\"ListItem\",\"position\":2,\"name\":\"Feuerwehr\"}]},{\"@type\":\"WebSite\",\"@id\":\"https:\\\/\\\/www.engadin-airport.ch\\\/#website\",\"url\":\"https:\\\/\\\/www.engadin-airport.ch\\\/\",\"name\":\"Engadin Airport St. Moritz - Samedan\",\"description\":\"Regionalflughafen Engadin - Schweiz\",\"publisher\":{\"@id\":\"https:\\\/\\\/www.engadin-airport.ch\\\/#organization\"},\"potentialAction\":[{\"@type\":\"SearchAction\",\"target\":{\"@type\":\"EntryPoint\",\"urlTemplate\":\"https:\\\/\\\/www.engadin-airport.ch\\\/?s={search_term_string}\"},\"query-input\":{\"@type\":\"PropertyValueSpecification\",\"valueRequired\":true,\"valueName\":\"search_term_string\"}}],\"inLanguage\":\"en-GB\"},{\"@type\":\"Organization\",\"@id\":\"https:\\\/\\\/www.engadin-airport.ch\\\/#organization\",\"name\":\"Engadin Airport St. Moritz - Samedan\",\"url\":\"https:\\\/\\\/www.engadin-airport.ch\\\/\",\"logo\":{\"@type\":\"ImageObject\",\"inLanguage\":\"en-GB\",\"@id\":\"https:\\\/\\\/www.engadin-airport.ch\\\/#\\\/schema\\\/logo\\\/image\\\/\",\"url\":\"https:\\\/\\\/www.engadin-airport.ch\\\/wp-content\\\/uploads\\\/2020\\\/06\\\/engadin-airport_new_logo.svg\",\"contentUrl\":\"https:\\\/\\\/www.engadin-airport.ch\\\/wp-content\\\/uploads\\\/2020\\\/06\\\/engadin-airport_new_logo.svg\",\"width\":259,\"height\":106,\"caption\":\"Engadin Airport St. Moritz - Samedan\"},\"image\":{\"@id\":\"https:\\\/\\\/www.engadin-airport.ch\\\/#\\\/schema\\\/logo\\\/image\\\/\"}}]}<\/script>\n<!-- \/ Yoast SEO plugin. -->","yoast_head_json":{"title":"Fire brigade - Engadin Airport St. Moritz - Samedan","robots":{"index":"index","follow":"follow","max-snippet":"max-snippet:-1","max-image-preview":"max-image-preview:large","max-video-preview":"max-video-preview:-1"},"canonical":"https:\/\/www.engadin-airport.ch\/en\/fire-department\/","og_locale":"en_GB","og_type":"article","og_title":"Feuerwehr - Engadin Airport St. Moritz - Samedan","og_description":"Engadin Airport Flughafen-Feuerwehr Der Engadin Airport verf\u00fcgt \u00fcber eine eigene Betriebsfeuerwehr, die f\u00fcr die Brandbek\u00e4mpfung im Zusammenhang mit dem Flugbetrieb ausger\u00fcstet und ausgebildet ist. Sie deckt an 365 Tagen die ICAO Feuerkategorien 1 bis 6 ab. Die Mitglieder der Flughafen-Feuerwehr besuchen regelm\u00e4ssig Weiterbildungskurse f\u00fcr Flughafenfeuerwehren in daf\u00fcr spezialisierten Zentren und \u00fcben den Ernstfall an mindestens [&hellip;]","og_url":"https:\/\/www.engadin-airport.ch\/en\/fire-department\/","og_site_name":"Engadin Airport St. Moritz - Samedan","article_modified_time":"2023-07-24T14:58:20+00:00","twitter_card":"summary_large_image","twitter_misc":{"Estimated reading time":"1 minute"},"schema":{"@context":"https:\/\/schema.org","@graph":[{"@type":"WebPage","@id":"https:\/\/www.engadin-airport.ch\/feuerwehr\/","url":"https:\/\/www.engadin-airport.ch\/feuerwehr\/","name":"Fire brigade - Engadin Airport St. Moritz - Samedan","isPartOf":{"@id":"https:\/\/www.engadin-airport.ch\/#website"},"datePublished":"2022-03-23T15:27:57+00:00","dateModified":"2023-07-24T14:58:20+00:00","breadcrumb":{"@id":"https:\/\/www.engadin-airport.ch\/feuerwehr\/#breadcrumb"},"inLanguage":"en-GB","potentialAction":[{"@type":"ReadAction","target":["https:\/\/www.engadin-airport.ch\/feuerwehr\/"]}]},{"@type":"BreadcrumbList","@id":"https:\/\/www.engadin-airport.ch\/feuerwehr\/#breadcrumb","itemListElement":[{"@type":"ListItem","position":1,"name":"Startseite","item":"https:\/\/www.engadin-airport.ch\/"},{"@type":"ListItem","position":2,"name":"Feuerwehr"}]},{"@type":"WebSite","@id":"https:\/\/www.engadin-airport.ch\/#website","url":"https:\/\/www.engadin-airport.ch\/","name":"Engadin Airport St. Moritz - Samedan","description":"Engadin Regional Airport - Switzerland","publisher":{"@id":"https:\/\/www.engadin-airport.ch\/#organization"},"potentialAction":[{"@type":"SearchAction","target":{"@type":"EntryPoint","urlTemplate":"https:\/\/www.engadin-airport.ch\/?s={search_term_string}"},"query-input":{"@type":"PropertyValueSpecification","valueRequired":true,"valueName":"search_term_string"}}],"inLanguage":"en-GB"},{"@type":"Organization","@id":"https:\/\/www.engadin-airport.ch\/#organization","name":"Engadin Airport St. Moritz - Samedan","url":"https:\/\/www.engadin-airport.ch\/","logo":{"@type":"ImageObject","inLanguage":"en-GB","@id":"https:\/\/www.engadin-airport.ch\/#\/schema\/logo\/image\/","url":"https:\/\/www.engadin-airport.ch\/wp-content\/uploads\/2020\/06\/engadin-airport_new_logo.svg","contentUrl":"https:\/\/www.engadin-airport.ch\/wp-content\/uploads\/2020\/06\/engadin-airport_new_logo.svg","width":259,"height":106,"caption":"Engadin Airport St. Moritz - Samedan"},"image":{"@id":"https:\/\/www.engadin-airport.ch\/#\/schema\/logo\/image\/"}}]}},"_links":{"self":[{"href":"https:\/\/www.engadin-airport.ch\/en\/wp-json\/wp\/v2\/pages\/863","targetHints":{"allow":["GET"]}}],"collection":[{"href":"https:\/\/www.engadin-airport.ch\/en\/wp-json\/wp\/v2\/pages"}],"about":[{"href":"https:\/\/www.engadin-airport.ch\/en\/wp-json\/wp\/v2\/types\/page"}],"author":[{"embeddable":true,"href":"https:\/\/www.engadin-airport.ch\/en\/wp-json\/wp\/v2\/users\/5"}],"replies":[{"embeddable":true,"href":"https:\/\/www.engadin-airport.ch\/en\/wp-json\/wp\/v2\/comments?post=863"}],"version-history":[{"count":20,"href":"https:\/\/www.engadin-airport.ch\/en\/wp-json\/wp\/v2\/pages\/863\/revisions"}],"predecessor-version":[{"id":2339,"href":"https:\/\/www.engadin-airport.ch\/en\/wp-json\/wp\/v2\/pages\/863\/revisions\/2339"}],"wp:attachment":[{"href":"https:\/\/www.engadin-airport.ch\/en\/wp-json\/wp\/v2\/media?parent=863"}],"curies":[{"name":"wp","href":"https:\/\/api.w.org\/{rel}","templated":true}]}}