{"id":844,"date":"2022-03-23T16:20:41","date_gmt":"2022-03-23T15:20:41","guid":{"rendered":"https:\/\/nice.cloudconnection.ch\/engadin-airport_dev\/?page_id=844"},"modified":"2023-07-29T14:02:07","modified_gmt":"2023-07-29T12:02:07","slug":"customs","status":"publish","type":"page","link":"https:\/\/www.engadin-airport.ch\/en\/zoll\/","title":{"rendered":"Customs"},"content":{"rendered":"<div data-elementor-type=\"wp-page\" data-elementor-id=\"844\" class=\"elementor elementor-844\" data-elementor-post-type=\"page\">\n\t\t\t\t\t\t<section class=\"elementor-section elementor-top-section elementor-element elementor-element-5f0190c elementor-section-height-min-height elementor-section-full_width cc_ondark elementor-section-height-default elementor-section-items-middle\" data-id=\"5f0190c\" data-element_type=\"section\" data-e-type=\"section\" data-settings=\"{&quot;background_background&quot;:&quot;classic&quot;}\">\n\t\t\t\t\t\t<div class=\"elementor-container elementor-column-gap-default\">\n\t\t\t\t\t<div class=\"elementor-column elementor-col-100 elementor-top-column elementor-element elementor-element-c5d30ee\" data-id=\"c5d30ee\" data-element_type=\"column\" data-e-type=\"column\">\n\t\t\t<div class=\"elementor-widget-wrap elementor-element-populated\">\n\t\t\t\t\t\t<div class=\"elementor-element elementor-element-0a44452 elementor-widget elementor-widget-heading\" data-id=\"0a44452\" data-element_type=\"widget\" data-e-type=\"widget\" data-widget_type=\"heading.default\">\n\t\t\t\t<div class=\"elementor-widget-container\">\n\t\t\t\t\t<h3 class=\"elementor-heading-title elementor-size-default\">Engadine Airport<\/h3>\t\t\t\t<\/div>\n\t\t\t\t<\/div>\n\t\t\t\t<div class=\"elementor-element elementor-element-e7db645 elementor-widget elementor-widget-heading\" data-id=\"e7db645\" data-element_type=\"widget\" data-e-type=\"widget\" data-widget_type=\"heading.default\">\n\t\t\t\t<div class=\"elementor-widget-container\">\n\t\t\t\t\t<h1 class=\"elementor-heading-title elementor-size-default\">Customs clearance<\/h1>\t\t\t\t<\/div>\n\t\t\t\t<\/div>\n\t\t\t\t\t<\/div>\n\t\t<\/div>\n\t\t\t\t\t<\/div>\n\t\t<\/section>\n\t\t\t\t<section class=\"elementor-section elementor-top-section elementor-element elementor-element-8a16a3f elementor-section-full_width elementor-section-height-min-height elementor-section-items-stretch elementor-reverse-mobile elementor-reverse-tablet elementor-section-height-default\" data-id=\"8a16a3f\" data-element_type=\"section\" data-e-type=\"section\" data-settings=\"{&quot;background_background&quot;:&quot;classic&quot;}\">\n\t\t\t\t\t\t<div class=\"elementor-container elementor-column-gap-default\">\n\t\t\t\t\t<div class=\"elementor-column elementor-col-50 elementor-top-column elementor-element elementor-element-2511347\" data-id=\"2511347\" data-element_type=\"column\" data-e-type=\"column\" data-settings=\"{&quot;background_background&quot;:&quot;classic&quot;}\">\n\t\t\t<div class=\"elementor-widget-wrap elementor-element-populated\">\n\t\t\t\t\t\t<div class=\"elementor-element elementor-element-6d46438 elementor-widget elementor-widget-spacer\" data-id=\"6d46438\" data-element_type=\"widget\" data-e-type=\"widget\" data-widget_type=\"spacer.default\">\n\t\t\t\t<div class=\"elementor-widget-container\">\n\t\t\t\t\t\t\t<div class=\"elementor-spacer\">\n\t\t\t<div class=\"elementor-spacer-inner\"><\/div>\n\t\t<\/div>\n\t\t\t\t\t\t<\/div>\n\t\t\t\t<\/div>\n\t\t\t\t\t<\/div>\n\t\t<\/div>\n\t\t\t\t<div class=\"elementor-column elementor-col-50 elementor-top-column elementor-element elementor-element-35c874f\" data-id=\"35c874f\" data-element_type=\"column\" data-e-type=\"column\">\n\t\t\t<div class=\"elementor-widget-wrap elementor-element-populated\">\n\t\t\t\t\t\t<div class=\"elementor-element elementor-element-fd479d8 elementor-widget elementor-widget-heading\" data-id=\"fd479d8\" data-element_type=\"widget\" data-e-type=\"widget\" data-widget_type=\"heading.default\">\n\t\t\t\t<div class=\"elementor-widget-container\">\n\t\t\t\t\t<h3 class=\"elementor-heading-title elementor-size-default\">Welcome to Switzerland<\/h3>\t\t\t\t<\/div>\n\t\t\t\t<\/div>\n\t\t\t\t<div class=\"elementor-element elementor-element-6ba53c6 elementor-widget elementor-widget-text-editor\" data-id=\"6ba53c6\" data-element_type=\"widget\" data-e-type=\"widget\" data-widget_type=\"text-editor.default\">\n\t\t\t\t<div class=\"elementor-widget-container\">\n\t\t\t\t\t\t\t\t\t<p>The Federal Office for Customs and Border Security (FOCBS) services at the Engadine Airport are available during operating hours.<\/p>\t\t\t\t\t\t\t\t<\/div>\n\t\t\t\t<\/div>\n\t\t\t\t<div class=\"elementor-element elementor-element-1f817ad elementor-mobile-align-start elementor-icon-list--layout-traditional elementor-list-item-link-full_width elementor-widget elementor-widget-icon-list\" data-id=\"1f817ad\" data-element_type=\"widget\" data-e-type=\"widget\" data-widget_type=\"icon-list.default\">\n\t\t\t\t<div class=\"elementor-widget-container\">\n\t\t\t\t\t\t\t<ul class=\"elementor-icon-list-items\">\n\t\t\t\t\t\t\t<li class=\"elementor-icon-list-item\">\n\t\t\t\t\t\t\t\t\t\t\t<a href=\"https:\/\/www.bazg.admin.ch\/bazg\/en\/home.html\" target=\"_blank\">\n\n\t\t\t\t\t\t\t\t\t\t\t\t<span class=\"elementor-icon-list-icon\">\n\t\t\t\t\t\t\t<i aria-hidden=\"true\" class=\"fas fa-external-link-alt\"><\/i>\t\t\t\t\t\t<\/span>\n\t\t\t\t\t\t\t\t\t\t<span class=\"elementor-icon-list-text\">Federal Office for Customs and Border Security (admin.ch)<\/span>\n\t\t\t\t\t\t\t\t\t\t\t<\/a>\n\t\t\t\t\t\t\t\t\t<\/li>\n\t\t\t\t\t\t\t\t<li class=\"elementor-icon-list-item\">\n\t\t\t\t\t\t\t\t\t\t\t<a href=\"https:\/\/www.sem.admin.ch\/sem\/en\/home\/themen\/einreise.html\" target=\"_blank\">\n\n\t\t\t\t\t\t\t\t\t\t\t\t<span class=\"elementor-icon-list-icon\">\n\t\t\t\t\t\t\t<i aria-hidden=\"true\" class=\"fas fa-external-link-alt\"><\/i>\t\t\t\t\t\t<\/span>\n\t\t\t\t\t\t\t\t\t\t<span class=\"elementor-icon-list-text\">Entry (admin.ch)<\/span>\n\t\t\t\t\t\t\t\t\t\t\t<\/a>\n\t\t\t\t\t\t\t\t\t<\/li>\n\t\t\t\t\t\t<\/ul>\n\t\t\t\t\t\t<\/div>\n\t\t\t\t<\/div>\n\t\t\t\t\t<\/div>\n\t\t<\/div>\n\t\t\t\t\t<\/div>\n\t\t<\/section>\n\t\t\t\t<\/div>","protected":false},"excerpt":{"rendered":"<p>Engadin Airport Customs Services Welcome to Switzerland The customs services of the Federal Office of Customs and Border Security at Engadin Airport are available during operating hours. Federal Office of Customs and Border Security (admin.ch) Immigration (admin.ch)<\/p>","protected":false},"author":5,"featured_media":0,"parent":0,"menu_order":0,"comment_status":"closed","ping_status":"closed","template":"","meta":{"footnotes":""},"class_list":["post-844","page","type-page","status-publish","hentry"],"yoast_head":"<!-- This site is optimized with the Yoast SEO plugin v27.4 - https:\/\/yoast.com\/product\/yoast-seo-wordpress\/ -->\n<title>Zoll - Engadin Airport St. Moritz - Samedan<\/title>\n<meta name=\"robots\" content=\"index, follow, max-snippet:-1, max-image-preview:large, max-video-preview:-1\" \/>\n<link rel=\"canonical\" href=\"https:\/\/www.engadin-airport.ch\/en\/customs\/\" \/>\n<meta property=\"og:locale\" content=\"en_GB\" \/>\n<meta property=\"og:type\" content=\"article\" \/>\n<meta property=\"og:title\" content=\"Zoll - Engadin Airport St. Moritz - Samedan\" \/>\n<meta property=\"og:description\" content=\"Engadin Airport Zolldienste Willkommen in der Schweiz Die Zolldienste des Bundesamtes f\u00fcr Zoll und Grenzsicherheit am Engadin Airport sind w\u00e4hrend der Betriebszeiten verf\u00fcgbar. Bundesamt f\u00fcr Zoll und Grenzsicherheit (admin.ch) Einreise (admin.ch)\" \/>\n<meta property=\"og:url\" content=\"https:\/\/www.engadin-airport.ch\/en\/customs\/\" \/>\n<meta property=\"og:site_name\" content=\"Engadin Airport St. Moritz - Samedan\" \/>\n<meta property=\"article:modified_time\" content=\"2023-07-29T12:02:07+00:00\" \/>\n<meta name=\"twitter:card\" content=\"summary_large_image\" \/>\n<meta name=\"twitter:label1\" content=\"Estimated reading time\" \/>\n\t<meta name=\"twitter:data1\" content=\"1 minute\" \/>\n<script type=\"application\/ld+json\" class=\"yoast-schema-graph\">{\"@context\":\"https:\\\/\\\/schema.org\",\"@graph\":[{\"@type\":\"WebPage\",\"@id\":\"https:\\\/\\\/www.engadin-airport.ch\\\/zoll\\\/\",\"url\":\"https:\\\/\\\/www.engadin-airport.ch\\\/zoll\\\/\",\"name\":\"Zoll - Engadin Airport St. Moritz - Samedan\",\"isPartOf\":{\"@id\":\"https:\\\/\\\/www.engadin-airport.ch\\\/#website\"},\"datePublished\":\"2022-03-23T15:20:41+00:00\",\"dateModified\":\"2023-07-29T12:02:07+00:00\",\"breadcrumb\":{\"@id\":\"https:\\\/\\\/www.engadin-airport.ch\\\/zoll\\\/#breadcrumb\"},\"inLanguage\":\"en-GB\",\"potentialAction\":[{\"@type\":\"ReadAction\",\"target\":[\"https:\\\/\\\/www.engadin-airport.ch\\\/zoll\\\/\"]}]},{\"@type\":\"BreadcrumbList\",\"@id\":\"https:\\\/\\\/www.engadin-airport.ch\\\/zoll\\\/#breadcrumb\",\"itemListElement\":[{\"@type\":\"ListItem\",\"position\":1,\"name\":\"Startseite\",\"item\":\"https:\\\/\\\/www.engadin-airport.ch\\\/\"},{\"@type\":\"ListItem\",\"position\":2,\"name\":\"Zoll\"}]},{\"@type\":\"WebSite\",\"@id\":\"https:\\\/\\\/www.engadin-airport.ch\\\/#website\",\"url\":\"https:\\\/\\\/www.engadin-airport.ch\\\/\",\"name\":\"Engadin Airport St. Moritz - Samedan\",\"description\":\"Regionalflughafen Engadin - Schweiz\",\"publisher\":{\"@id\":\"https:\\\/\\\/www.engadin-airport.ch\\\/#organization\"},\"potentialAction\":[{\"@type\":\"SearchAction\",\"target\":{\"@type\":\"EntryPoint\",\"urlTemplate\":\"https:\\\/\\\/www.engadin-airport.ch\\\/?s={search_term_string}\"},\"query-input\":{\"@type\":\"PropertyValueSpecification\",\"valueRequired\":true,\"valueName\":\"search_term_string\"}}],\"inLanguage\":\"en-GB\"},{\"@type\":\"Organization\",\"@id\":\"https:\\\/\\\/www.engadin-airport.ch\\\/#organization\",\"name\":\"Engadin Airport St. Moritz - Samedan\",\"url\":\"https:\\\/\\\/www.engadin-airport.ch\\\/\",\"logo\":{\"@type\":\"ImageObject\",\"inLanguage\":\"en-GB\",\"@id\":\"https:\\\/\\\/www.engadin-airport.ch\\\/#\\\/schema\\\/logo\\\/image\\\/\",\"url\":\"https:\\\/\\\/www.engadin-airport.ch\\\/wp-content\\\/uploads\\\/2020\\\/06\\\/engadin-airport_new_logo.svg\",\"contentUrl\":\"https:\\\/\\\/www.engadin-airport.ch\\\/wp-content\\\/uploads\\\/2020\\\/06\\\/engadin-airport_new_logo.svg\",\"width\":259,\"height\":106,\"caption\":\"Engadin Airport St. Moritz - Samedan\"},\"image\":{\"@id\":\"https:\\\/\\\/www.engadin-airport.ch\\\/#\\\/schema\\\/logo\\\/image\\\/\"}}]}<\/script>\n<!-- \/ Yoast SEO plugin. -->","yoast_head_json":{"title":"Customs - Engadin Airport St. Moritz - Samedan","robots":{"index":"index","follow":"follow","max-snippet":"max-snippet:-1","max-image-preview":"max-image-preview:large","max-video-preview":"max-video-preview:-1"},"canonical":"https:\/\/www.engadin-airport.ch\/en\/customs\/","og_locale":"en_GB","og_type":"article","og_title":"Zoll - Engadin Airport St. Moritz - Samedan","og_description":"Engadin Airport Zolldienste Willkommen in der Schweiz Die Zolldienste des Bundesamtes f\u00fcr Zoll und Grenzsicherheit am Engadin Airport sind w\u00e4hrend der Betriebszeiten verf\u00fcgbar. Bundesamt f\u00fcr Zoll und Grenzsicherheit (admin.ch) Einreise (admin.ch)","og_url":"https:\/\/www.engadin-airport.ch\/en\/customs\/","og_site_name":"Engadin Airport St. Moritz - Samedan","article_modified_time":"2023-07-29T12:02:07+00:00","twitter_card":"summary_large_image","twitter_misc":{"Estimated reading time":"1 minute"},"schema":{"@context":"https:\/\/schema.org","@graph":[{"@type":"WebPage","@id":"https:\/\/www.engadin-airport.ch\/zoll\/","url":"https:\/\/www.engadin-airport.ch\/zoll\/","name":"Customs - Engadin Airport St. Moritz - Samedan","isPartOf":{"@id":"https:\/\/www.engadin-airport.ch\/#website"},"datePublished":"2022-03-23T15:20:41+00:00","dateModified":"2023-07-29T12:02:07+00:00","breadcrumb":{"@id":"https:\/\/www.engadin-airport.ch\/zoll\/#breadcrumb"},"inLanguage":"en-GB","potentialAction":[{"@type":"ReadAction","target":["https:\/\/www.engadin-airport.ch\/zoll\/"]}]},{"@type":"BreadcrumbList","@id":"https:\/\/www.engadin-airport.ch\/zoll\/#breadcrumb","itemListElement":[{"@type":"ListItem","position":1,"name":"Startseite","item":"https:\/\/www.engadin-airport.ch\/"},{"@type":"ListItem","position":2,"name":"Zoll"}]},{"@type":"WebSite","@id":"https:\/\/www.engadin-airport.ch\/#website","url":"https:\/\/www.engadin-airport.ch\/","name":"Engadin Airport St. Moritz - Samedan","description":"Engadin Regional Airport - Switzerland","publisher":{"@id":"https:\/\/www.engadin-airport.ch\/#organization"},"potentialAction":[{"@type":"SearchAction","target":{"@type":"EntryPoint","urlTemplate":"https:\/\/www.engadin-airport.ch\/?s={search_term_string}"},"query-input":{"@type":"PropertyValueSpecification","valueRequired":true,"valueName":"search_term_string"}}],"inLanguage":"en-GB"},{"@type":"Organization","@id":"https:\/\/www.engadin-airport.ch\/#organization","name":"Engadin Airport St. Moritz - Samedan","url":"https:\/\/www.engadin-airport.ch\/","logo":{"@type":"ImageObject","inLanguage":"en-GB","@id":"https:\/\/www.engadin-airport.ch\/#\/schema\/logo\/image\/","url":"https:\/\/www.engadin-airport.ch\/wp-content\/uploads\/2020\/06\/engadin-airport_new_logo.svg","contentUrl":"https:\/\/www.engadin-airport.ch\/wp-content\/uploads\/2020\/06\/engadin-airport_new_logo.svg","width":259,"height":106,"caption":"Engadin Airport St. Moritz - Samedan"},"image":{"@id":"https:\/\/www.engadin-airport.ch\/#\/schema\/logo\/image\/"}}]}},"_links":{"self":[{"href":"https:\/\/www.engadin-airport.ch\/en\/wp-json\/wp\/v2\/pages\/844","targetHints":{"allow":["GET"]}}],"collection":[{"href":"https:\/\/www.engadin-airport.ch\/en\/wp-json\/wp\/v2\/pages"}],"about":[{"href":"https:\/\/www.engadin-airport.ch\/en\/wp-json\/wp\/v2\/types\/page"}],"author":[{"embeddable":true,"href":"https:\/\/www.engadin-airport.ch\/en\/wp-json\/wp\/v2\/users\/5"}],"replies":[{"embeddable":true,"href":"https:\/\/www.engadin-airport.ch\/en\/wp-json\/wp\/v2\/comments?post=844"}],"version-history":[{"count":20,"href":"https:\/\/www.engadin-airport.ch\/en\/wp-json\/wp\/v2\/pages\/844\/revisions"}],"predecessor-version":[{"id":2531,"href":"https:\/\/www.engadin-airport.ch\/en\/wp-json\/wp\/v2\/pages\/844\/revisions\/2531"}],"wp:attachment":[{"href":"https:\/\/www.engadin-airport.ch\/en\/wp-json\/wp\/v2\/media?parent=844"}],"curies":[{"name":"wp","href":"https:\/\/api.w.org\/{rel}","templated":true}]}}