{"id":721,"date":"2022-03-22T16:09:22","date_gmt":"2022-03-22T15:09:22","guid":{"rendered":"https:\/\/nice.cloudconnection.ch\/engadin-airport_dev\/?page_id=721"},"modified":"2025-12-26T11:02:58","modified_gmt":"2025-12-26T10:02:58","slug":"facts-figures","status":"publish","type":"page","link":"https:\/\/www.engadin-airport.ch\/en\/facts-figures\/","title":{"rendered":"Facts &amp; Figures"},"content":{"rendered":"<div data-elementor-type=\"wp-page\" data-elementor-id=\"721\" class=\"elementor elementor-721\" data-elementor-post-type=\"page\">\n\t\t\t\t\t\t<section class=\"elementor-section elementor-top-section elementor-element elementor-element-5e0736a elementor-section-height-min-height elementor-section-full_width cc_ondark elementor-section-height-default elementor-section-items-middle\" data-id=\"5e0736a\" data-element_type=\"section\" data-e-type=\"section\" data-settings=\"{&quot;background_background&quot;:&quot;classic&quot;}\">\n\t\t\t\t\t\t<div class=\"elementor-container elementor-column-gap-default\">\n\t\t\t\t\t<div class=\"elementor-column elementor-col-100 elementor-top-column elementor-element elementor-element-2205528\" data-id=\"2205528\" data-element_type=\"column\" data-e-type=\"column\">\n\t\t\t<div class=\"elementor-widget-wrap elementor-element-populated\">\n\t\t\t\t\t\t<div class=\"elementor-element elementor-element-90b665d elementor-widget elementor-widget-heading\" data-id=\"90b665d\" data-element_type=\"widget\" data-e-type=\"widget\" data-widget_type=\"heading.default\">\n\t\t\t\t<div class=\"elementor-widget-container\">\n\t\t\t\t\t<h3 class=\"elementor-heading-title elementor-size-default\">Engadine Airport<\/h3>\t\t\t\t<\/div>\n\t\t\t\t<\/div>\n\t\t\t\t<div class=\"elementor-element elementor-element-0aad5d7 elementor-widget elementor-widget-heading\" data-id=\"0aad5d7\" data-element_type=\"widget\" data-e-type=\"widget\" data-widget_type=\"heading.default\">\n\t\t\t\t<div class=\"elementor-widget-container\">\n\t\t\t\t\t<h1 class=\"elementor-heading-title elementor-size-default\">Facts &amp; Figures<\/h1>\t\t\t\t<\/div>\n\t\t\t\t<\/div>\n\t\t\t\t\t<\/div>\n\t\t<\/div>\n\t\t\t\t\t<\/div>\n\t\t<\/section>\n\t\t\t\t<section class=\"elementor-section elementor-top-section elementor-element elementor-element-39e8066 elementor-section-full_width elementor-section-height-min-height elementor-section-items-stretch elementor-reverse-mobile elementor-reverse-tablet elementor-section-height-default\" data-id=\"39e8066\" data-element_type=\"section\" data-e-type=\"section\" data-settings=\"{&quot;background_background&quot;:&quot;classic&quot;}\">\n\t\t\t\t\t\t<div class=\"elementor-container elementor-column-gap-default\">\n\t\t\t\t\t<div class=\"elementor-column elementor-col-50 elementor-top-column elementor-element elementor-element-d61613d\" data-id=\"d61613d\" data-element_type=\"column\" data-e-type=\"column\" data-settings=\"{&quot;background_background&quot;:&quot;classic&quot;}\">\n\t\t\t<div class=\"elementor-widget-wrap elementor-element-populated\">\n\t\t\t\t\t\t<div class=\"elementor-element elementor-element-13b42bf elementor-widget elementor-widget-spacer\" data-id=\"13b42bf\" data-element_type=\"widget\" data-e-type=\"widget\" data-widget_type=\"spacer.default\">\n\t\t\t\t<div class=\"elementor-widget-container\">\n\t\t\t\t\t\t\t<div class=\"elementor-spacer\">\n\t\t\t<div class=\"elementor-spacer-inner\"><\/div>\n\t\t<\/div>\n\t\t\t\t\t\t<\/div>\n\t\t\t\t<\/div>\n\t\t\t\t\t<\/div>\n\t\t<\/div>\n\t\t\t\t<div class=\"elementor-column elementor-col-50 elementor-top-column elementor-element elementor-element-a851d8d\" data-id=\"a851d8d\" data-element_type=\"column\" data-e-type=\"column\">\n\t\t\t<div class=\"elementor-widget-wrap elementor-element-populated\">\n\t\t\t\t\t\t<div class=\"elementor-element elementor-element-ed07e0a elementor-widget elementor-widget-text-editor\" data-id=\"ed07e0a\" data-element_type=\"widget\" data-e-type=\"widget\" data-widget_type=\"text-editor.default\">\n\t\t\t\t<div class=\"elementor-widget-container\">\n\t\t\t\t\t\t\t\t\t<p>We are a forward-thinking, pioneering company and a reliable partner to the region and its tourism industry. We aim to ensure flight operations are safe at all times, to provide high satisfaction among clients and employees, and to foster a good relationship with the local population while ensuring we safeguard our natural resources.<\/p><p>To guide all our actions and serve as a benchmark to our staff, we committed our mission statement to paper. <\/p>\t\t\t\t\t\t\t\t<\/div>\n\t\t\t\t<\/div>\n\t\t\t\t<div class=\"elementor-element elementor-element-cf59131 elementor-widget-divider--view-line elementor-widget elementor-widget-divider\" data-id=\"cf59131\" data-element_type=\"widget\" data-e-type=\"widget\" data-widget_type=\"divider.default\">\n\t\t\t\t<div class=\"elementor-widget-container\">\n\t\t\t\t\t\t\t<div class=\"elementor-divider\">\n\t\t\t<span class=\"elementor-divider-separator\">\n\t\t\t\t\t\t<\/span>\n\t\t<\/div>\n\t\t\t\t\t\t<\/div>\n\t\t\t\t<\/div>\n\t\t\t\t<div class=\"elementor-element elementor-element-3c106e3 elementor-mobile-align-start elementor-icon-list--layout-traditional elementor-list-item-link-full_width elementor-widget elementor-widget-icon-list\" data-id=\"3c106e3\" data-element_type=\"widget\" data-e-type=\"widget\" data-widget_type=\"icon-list.default\">\n\t\t\t\t<div class=\"elementor-widget-container\">\n\t\t\t\t\t\t\t<ul class=\"elementor-icon-list-items\">\n\t\t\t\t\t\t\t<li class=\"elementor-icon-list-item\">\n\t\t\t\t\t\t\t\t\t\t\t<a href=\"https:\/\/www.engadin-airport.ch\/wp-content\/uploads\/2025\/06\/Engadin-Airport-AG-Jahresrechnung-2024-Infoblatt.pdf\">\n\n\t\t\t\t\t\t\t\t\t\t\t<span class=\"elementor-icon-list-text\">Jahresrechnung 2024 (PDF)<\/span>\n\t\t\t\t\t\t\t\t\t\t\t<\/a>\n\t\t\t\t\t\t\t\t\t<\/li>\n\t\t\t\t\t\t<\/ul>\n\t\t\t\t\t\t<\/div>\n\t\t\t\t<\/div>\n\t\t\t\t\t<\/div>\n\t\t<\/div>\n\t\t\t\t\t<\/div>\n\t\t<\/section>\n\t\t\t\t<\/div>","protected":false},"excerpt":{"rendered":"<p>Engadin Airport Facts &amp; Figures Wir sind ein fortschrittlicher und zukunftsweisender Betrieb mit Pioniergeist und ein zuverl\u00e4ssiger Partner der Region und ihres Tourismus. Ein sicherer Flugbetrieb, zufriedene Kunden und Mitarbeitende sowie ein gutes Verh\u00e4ltnis zur Bev\u00f6lkerung sind unser t\u00e4gliches Bestreben. Dabei nehmen wir stets auch R\u00fccksicht auf einen schonenden Umgang mit der Natur. Als Wegweiser [&hellip;]<\/p>\n","protected":false},"author":5,"featured_media":0,"parent":0,"menu_order":0,"comment_status":"closed","ping_status":"closed","template":"","meta":{"footnotes":""},"class_list":["post-721","page","type-page","status-publish","hentry"],"yoast_head":"<!-- This site is optimized with the Yoast SEO plugin v27.4 - https:\/\/yoast.com\/product\/yoast-seo-wordpress\/ -->\n<title>Facts &amp; Figures - Engadin Airport St. Moritz - Samedan<\/title>\n<meta name=\"robots\" content=\"index, follow, max-snippet:-1, max-image-preview:large, max-video-preview:-1\" \/>\n<link rel=\"canonical\" href=\"https:\/\/www.engadin-airport.ch\/en\/facts-figures\/\" \/>\n<meta property=\"og:locale\" content=\"en_GB\" \/>\n<meta property=\"og:type\" content=\"article\" \/>\n<meta property=\"og:title\" content=\"Facts &amp; Figures - Engadin Airport St. Moritz - Samedan\" \/>\n<meta property=\"og:description\" content=\"Engadin Airport Facts &amp; Figures Wir sind ein fortschrittlicher und zukunftsweisender Betrieb mit Pioniergeist und ein zuverl\u00e4ssiger Partner der Region und ihres Tourismus. Ein sicherer Flugbetrieb, zufriedene Kunden und Mitarbeitende sowie ein gutes Verh\u00e4ltnis zur Bev\u00f6lkerung sind unser t\u00e4gliches Bestreben. Dabei nehmen wir stets auch R\u00fccksicht auf einen schonenden Umgang mit der Natur. Als Wegweiser [&hellip;]\" \/>\n<meta property=\"og:url\" content=\"https:\/\/www.engadin-airport.ch\/en\/facts-figures\/\" \/>\n<meta property=\"og:site_name\" content=\"Engadin Airport St. Moritz - Samedan\" \/>\n<meta property=\"article:modified_time\" content=\"2025-12-26T10:02:58+00:00\" \/>\n<meta name=\"twitter:card\" content=\"summary_large_image\" \/>\n<meta name=\"twitter:label1\" content=\"Estimated reading time\" \/>\n\t<meta name=\"twitter:data1\" content=\"1 minute\" \/>\n<script type=\"application\/ld+json\" class=\"yoast-schema-graph\">{\"@context\":\"https:\\\/\\\/schema.org\",\"@graph\":[{\"@type\":\"WebPage\",\"@id\":\"https:\\\/\\\/www.engadin-airport.ch\\\/facts-figures\\\/\",\"url\":\"https:\\\/\\\/www.engadin-airport.ch\\\/facts-figures\\\/\",\"name\":\"Facts & Figures - Engadin Airport St. Moritz - Samedan\",\"isPartOf\":{\"@id\":\"https:\\\/\\\/www.engadin-airport.ch\\\/#website\"},\"datePublished\":\"2022-03-22T15:09:22+00:00\",\"dateModified\":\"2025-12-26T10:02:58+00:00\",\"breadcrumb\":{\"@id\":\"https:\\\/\\\/www.engadin-airport.ch\\\/facts-figures\\\/#breadcrumb\"},\"inLanguage\":\"en-GB\",\"potentialAction\":[{\"@type\":\"ReadAction\",\"target\":[\"https:\\\/\\\/www.engadin-airport.ch\\\/facts-figures\\\/\"]}]},{\"@type\":\"BreadcrumbList\",\"@id\":\"https:\\\/\\\/www.engadin-airport.ch\\\/facts-figures\\\/#breadcrumb\",\"itemListElement\":[{\"@type\":\"ListItem\",\"position\":1,\"name\":\"Startseite\",\"item\":\"https:\\\/\\\/www.engadin-airport.ch\\\/\"},{\"@type\":\"ListItem\",\"position\":2,\"name\":\"Facts &#038; Figures\"}]},{\"@type\":\"WebSite\",\"@id\":\"https:\\\/\\\/www.engadin-airport.ch\\\/#website\",\"url\":\"https:\\\/\\\/www.engadin-airport.ch\\\/\",\"name\":\"Engadin Airport St. Moritz - Samedan\",\"description\":\"Regionalflughafen Engadin - Schweiz\",\"publisher\":{\"@id\":\"https:\\\/\\\/www.engadin-airport.ch\\\/#organization\"},\"potentialAction\":[{\"@type\":\"SearchAction\",\"target\":{\"@type\":\"EntryPoint\",\"urlTemplate\":\"https:\\\/\\\/www.engadin-airport.ch\\\/?s={search_term_string}\"},\"query-input\":{\"@type\":\"PropertyValueSpecification\",\"valueRequired\":true,\"valueName\":\"search_term_string\"}}],\"inLanguage\":\"en-GB\"},{\"@type\":\"Organization\",\"@id\":\"https:\\\/\\\/www.engadin-airport.ch\\\/#organization\",\"name\":\"Engadin Airport St. Moritz - Samedan\",\"url\":\"https:\\\/\\\/www.engadin-airport.ch\\\/\",\"logo\":{\"@type\":\"ImageObject\",\"inLanguage\":\"en-GB\",\"@id\":\"https:\\\/\\\/www.engadin-airport.ch\\\/#\\\/schema\\\/logo\\\/image\\\/\",\"url\":\"https:\\\/\\\/www.engadin-airport.ch\\\/wp-content\\\/uploads\\\/2020\\\/06\\\/engadin-airport_new_logo.svg\",\"contentUrl\":\"https:\\\/\\\/www.engadin-airport.ch\\\/wp-content\\\/uploads\\\/2020\\\/06\\\/engadin-airport_new_logo.svg\",\"width\":259,\"height\":106,\"caption\":\"Engadin Airport St. Moritz - Samedan\"},\"image\":{\"@id\":\"https:\\\/\\\/www.engadin-airport.ch\\\/#\\\/schema\\\/logo\\\/image\\\/\"}}]}<\/script>\n<!-- \/ Yoast SEO plugin. -->","yoast_head_json":{"title":"Facts &amp; Figures - Engadin Airport St. Moritz - Samedan","robots":{"index":"index","follow":"follow","max-snippet":"max-snippet:-1","max-image-preview":"max-image-preview:large","max-video-preview":"max-video-preview:-1"},"canonical":"https:\/\/www.engadin-airport.ch\/en\/facts-figures\/","og_locale":"en_GB","og_type":"article","og_title":"Facts & Figures - Engadin Airport St. Moritz - Samedan","og_description":"Engadin Airport Facts &amp; Figures Wir sind ein fortschrittlicher und zukunftsweisender Betrieb mit Pioniergeist und ein zuverl\u00e4ssiger Partner der Region und ihres Tourismus. Ein sicherer Flugbetrieb, zufriedene Kunden und Mitarbeitende sowie ein gutes Verh\u00e4ltnis zur Bev\u00f6lkerung sind unser t\u00e4gliches Bestreben. Dabei nehmen wir stets auch R\u00fccksicht auf einen schonenden Umgang mit der Natur. Als Wegweiser [&hellip;]","og_url":"https:\/\/www.engadin-airport.ch\/en\/facts-figures\/","og_site_name":"Engadin Airport St. Moritz - Samedan","article_modified_time":"2025-12-26T10:02:58+00:00","twitter_card":"summary_large_image","twitter_misc":{"Estimated reading time":"1 minute"},"schema":{"@context":"https:\/\/schema.org","@graph":[{"@type":"WebPage","@id":"https:\/\/www.engadin-airport.ch\/facts-figures\/","url":"https:\/\/www.engadin-airport.ch\/facts-figures\/","name":"Facts &amp; Figures - Engadin Airport St. Moritz - Samedan","isPartOf":{"@id":"https:\/\/www.engadin-airport.ch\/#website"},"datePublished":"2022-03-22T15:09:22+00:00","dateModified":"2025-12-26T10:02:58+00:00","breadcrumb":{"@id":"https:\/\/www.engadin-airport.ch\/facts-figures\/#breadcrumb"},"inLanguage":"en-GB","potentialAction":[{"@type":"ReadAction","target":["https:\/\/www.engadin-airport.ch\/facts-figures\/"]}]},{"@type":"BreadcrumbList","@id":"https:\/\/www.engadin-airport.ch\/facts-figures\/#breadcrumb","itemListElement":[{"@type":"ListItem","position":1,"name":"Startseite","item":"https:\/\/www.engadin-airport.ch\/"},{"@type":"ListItem","position":2,"name":"Facts &#038; Figures"}]},{"@type":"WebSite","@id":"https:\/\/www.engadin-airport.ch\/#website","url":"https:\/\/www.engadin-airport.ch\/","name":"Engadin Airport St. Moritz - Samedan","description":"Engadin Regional Airport - Switzerland","publisher":{"@id":"https:\/\/www.engadin-airport.ch\/#organization"},"potentialAction":[{"@type":"SearchAction","target":{"@type":"EntryPoint","urlTemplate":"https:\/\/www.engadin-airport.ch\/?s={search_term_string}"},"query-input":{"@type":"PropertyValueSpecification","valueRequired":true,"valueName":"search_term_string"}}],"inLanguage":"en-GB"},{"@type":"Organization","@id":"https:\/\/www.engadin-airport.ch\/#organization","name":"Engadin Airport St. Moritz - Samedan","url":"https:\/\/www.engadin-airport.ch\/","logo":{"@type":"ImageObject","inLanguage":"en-GB","@id":"https:\/\/www.engadin-airport.ch\/#\/schema\/logo\/image\/","url":"https:\/\/www.engadin-airport.ch\/wp-content\/uploads\/2020\/06\/engadin-airport_new_logo.svg","contentUrl":"https:\/\/www.engadin-airport.ch\/wp-content\/uploads\/2020\/06\/engadin-airport_new_logo.svg","width":259,"height":106,"caption":"Engadin Airport St. Moritz - Samedan"},"image":{"@id":"https:\/\/www.engadin-airport.ch\/#\/schema\/logo\/image\/"}}]}},"_links":{"self":[{"href":"https:\/\/www.engadin-airport.ch\/en\/wp-json\/wp\/v2\/pages\/721","targetHints":{"allow":["GET"]}}],"collection":[{"href":"https:\/\/www.engadin-airport.ch\/en\/wp-json\/wp\/v2\/pages"}],"about":[{"href":"https:\/\/www.engadin-airport.ch\/en\/wp-json\/wp\/v2\/types\/page"}],"author":[{"embeddable":true,"href":"https:\/\/www.engadin-airport.ch\/en\/wp-json\/wp\/v2\/users\/5"}],"replies":[{"embeddable":true,"href":"https:\/\/www.engadin-airport.ch\/en\/wp-json\/wp\/v2\/comments?post=721"}],"version-history":[{"count":32,"href":"https:\/\/www.engadin-airport.ch\/en\/wp-json\/wp\/v2\/pages\/721\/revisions"}],"predecessor-version":[{"id":3745,"href":"https:\/\/www.engadin-airport.ch\/en\/wp-json\/wp\/v2\/pages\/721\/revisions\/3745"}],"wp:attachment":[{"href":"https:\/\/www.engadin-airport.ch\/en\/wp-json\/wp\/v2\/media?parent=721"}],"curies":[{"name":"wp","href":"https:\/\/api.w.org\/{rel}","templated":true}]}}