{"id":2067,"date":"2023-06-19T17:16:08","date_gmt":"2023-06-19T15:16:08","guid":{"rendered":"https:\/\/nice.cloudconnection.ch\/engadin-airport_dev\/?page_id=2067"},"modified":"2026-04-10T13:13:48","modified_gmt":"2026-04-10T11:13:48","slug":"radio","status":"publish","type":"page","link":"https:\/\/www.engadin-airport.ch\/en\/funk\/","title":{"rendered":"Radio"},"content":{"rendered":"<div data-elementor-type=\"wp-page\" data-elementor-id=\"2067\" class=\"elementor elementor-2067\" data-elementor-post-type=\"page\">\n\t\t\t\t\t\t<section class=\"elementor-section elementor-top-section elementor-element elementor-element-d77507e elementor-section-height-min-height elementor-section-full_width cc_ondark elementor-section-height-default elementor-section-items-middle\" data-id=\"d77507e\" data-element_type=\"section\" data-e-type=\"section\" data-settings=\"{&quot;background_background&quot;:&quot;classic&quot;}\">\n\t\t\t\t\t\t<div class=\"elementor-container elementor-column-gap-default\">\n\t\t\t\t\t<div class=\"elementor-column elementor-col-100 elementor-top-column elementor-element elementor-element-e2c86d4\" data-id=\"e2c86d4\" data-element_type=\"column\" data-e-type=\"column\">\n\t\t\t<div class=\"elementor-widget-wrap elementor-element-populated\">\n\t\t\t\t\t\t<div class=\"elementor-element elementor-element-839f276 elementor-widget elementor-widget-heading\" data-id=\"839f276\" data-element_type=\"widget\" data-e-type=\"widget\" data-widget_type=\"heading.default\">\n\t\t\t\t<div class=\"elementor-widget-container\">\n\t\t\t\t\t<h3 class=\"elementor-heading-title elementor-size-default\">Briefing and test<\/h3>\t\t\t\t<\/div>\n\t\t\t\t<\/div>\n\t\t\t\t<div class=\"elementor-element elementor-element-06dd64c elementor-widget elementor-widget-heading\" data-id=\"06dd64c\" data-element_type=\"widget\" data-e-type=\"widget\" data-widget_type=\"heading.default\">\n\t\t\t\t<div class=\"elementor-widget-container\">\n\t\t\t\t\t<h1 class=\"elementor-heading-title elementor-size-default\">Radio<\/h1>\t\t\t\t<\/div>\n\t\t\t\t<\/div>\n\t\t\t\t\t<\/div>\n\t\t<\/div>\n\t\t\t\t\t<\/div>\n\t\t<\/section>\n\t\t\t\t<section class=\"elementor-section elementor-top-section elementor-element elementor-element-413225a elementor-section-full_width elementor-section-height-min-height elementor-section-items-stretch elementor-reverse-mobile elementor-reverse-tablet elementor-section-height-default\" data-id=\"413225a\" data-element_type=\"section\" data-e-type=\"section\" data-settings=\"{&quot;background_background&quot;:&quot;classic&quot;}\">\n\t\t\t\t\t\t<div class=\"elementor-container elementor-column-gap-default\">\n\t\t\t\t\t<div class=\"elementor-column elementor-col-50 elementor-top-column elementor-element elementor-element-15434f8\" data-id=\"15434f8\" data-element_type=\"column\" data-e-type=\"column\" data-settings=\"{&quot;background_background&quot;:&quot;classic&quot;}\">\n\t\t\t<div class=\"elementor-widget-wrap elementor-element-populated\">\n\t\t\t\t\t\t<div class=\"elementor-element elementor-element-bb55a7d elementor-widget elementor-widget-spacer\" data-id=\"bb55a7d\" data-element_type=\"widget\" data-e-type=\"widget\" data-widget_type=\"spacer.default\">\n\t\t\t\t<div class=\"elementor-widget-container\">\n\t\t\t\t\t\t\t<div class=\"elementor-spacer\">\n\t\t\t<div class=\"elementor-spacer-inner\"><\/div>\n\t\t<\/div>\n\t\t\t\t\t\t<\/div>\n\t\t\t\t<\/div>\n\t\t\t\t\t<\/div>\n\t\t<\/div>\n\t\t\t\t<div class=\"elementor-column elementor-col-50 elementor-top-column elementor-element elementor-element-ae6a560\" data-id=\"ae6a560\" data-element_type=\"column\" data-e-type=\"column\">\n\t\t\t<div class=\"elementor-widget-wrap elementor-element-populated\">\n\t\t\t\t\t\t<div class=\"elementor-element elementor-element-c04225a elementor-widget elementor-widget-text-editor\" data-id=\"c04225a\" data-element_type=\"widget\" data-e-type=\"widget\" data-widget_type=\"text-editor.default\">\n\t\t\t\t<div class=\"elementor-widget-container\">\n\t\t\t\t\t\t\t\t\t<p>The briefing draws attention to the most important points to be considered when communicating by radio on the premises of Samedan Airport.<\/p><p>Once passed, pilots will receive the test results and confirmation by email.<\/p>\t\t\t\t\t\t\t\t<\/div>\n\t\t\t\t<\/div>\n\t\t\t\t<div class=\"elementor-element elementor-element-6d21140 elementor-widget-divider--view-line elementor-widget elementor-widget-divider\" data-id=\"6d21140\" data-element_type=\"widget\" data-e-type=\"widget\" data-widget_type=\"divider.default\">\n\t\t\t\t<div class=\"elementor-widget-container\">\n\t\t\t\t\t\t\t<div class=\"elementor-divider\">\n\t\t\t<span class=\"elementor-divider-separator\">\n\t\t\t\t\t\t<\/span>\n\t\t<\/div>\n\t\t\t\t\t\t<\/div>\n\t\t\t\t<\/div>\n\t\t\t\t<div class=\"elementor-element elementor-element-88570a4 elementor-widget elementor-widget-heading\" data-id=\"88570a4\" data-element_type=\"widget\" data-e-type=\"widget\" data-widget_type=\"heading.default\">\n\t\t\t\t<div class=\"elementor-widget-container\">\n\t\t\t\t\t<h3 class=\"elementor-heading-title elementor-size-default\">Please note<\/h3>\t\t\t\t<\/div>\n\t\t\t\t<\/div>\n\t\t\t\t<div class=\"elementor-element elementor-element-626a450 elementor-widget elementor-widget-text-editor\" data-id=\"626a450\" data-element_type=\"widget\" data-e-type=\"widget\" data-widget_type=\"text-editor.default\">\n\t\t\t\t<div class=\"elementor-widget-container\">\n\t\t\t\t\t\t\t\t\t<ol><li>It is necessary to sign up for the briefing and test. You will receive your login credentials by email after registration.<\/li><li>Log in with your login credentials.<\/li><li>Complete the briefing.<\/li><li>Complete the test.<\/li><li>You will receive the test results and confirmation by email.<\/li><\/ol>\t\t\t\t\t\t\t\t<\/div>\n\t\t\t\t<\/div>\n\t\t\t\t<div class=\"elementor-element elementor-element-95fbbad elementor-mobile-align-start elementor-icon-list--layout-traditional elementor-list-item-link-full_width elementor-widget elementor-widget-icon-list\" data-id=\"95fbbad\" data-element_type=\"widget\" data-e-type=\"widget\" data-widget_type=\"icon-list.default\">\n\t\t\t\t<div class=\"elementor-widget-container\">\n\t\t\t\t\t\t\t<ul class=\"elementor-icon-list-items\">\n\t\t\t\t\t\t\t<li class=\"elementor-icon-list-item\">\n\t\t\t\t\t\t\t\t\t\t\t<a href=\"https:\/\/elearning.engadin-airport.ch\/\" target=\"_blank\">\n\n\t\t\t\t\t\t\t\t\t\t\t\t<span class=\"elementor-icon-list-icon\">\n\t\t\t\t\t\t\t<i aria-hidden=\"true\" class=\"fas fa-user-graduate\"><\/i>\t\t\t\t\t\t<\/span>\n\t\t\t\t\t\t\t\t\t\t<span class=\"elementor-icon-list-text\">Briefing and test<\/span>\n\t\t\t\t\t\t\t\t\t\t\t<\/a>\n\t\t\t\t\t\t\t\t\t<\/li>\n\t\t\t\t\t\t\t\t<li class=\"elementor-icon-list-item\">\n\t\t\t\t\t\t\t\t\t\t\t<a href=\"https:\/\/www.engadin-airport.ch\/wp-content\/uploads\/2026\/04\/Briefing-Funk-LSZS.pdf\" target=\"_blank\">\n\n\t\t\t\t\t\t\t\t\t\t\t\t<span class=\"elementor-icon-list-icon\">\n\t\t\t\t\t\t\t<i aria-hidden=\"true\" class=\"fas fa-file-pdf\"><\/i>\t\t\t\t\t\t<\/span>\n\t\t\t\t\t\t\t\t\t\t<span class=\"elementor-icon-list-text\">Funkbriefing Printout (PDF)<\/span>\n\t\t\t\t\t\t\t\t\t\t\t<\/a>\n\t\t\t\t\t\t\t\t\t<\/li>\n\t\t\t\t\t\t<\/ul>\n\t\t\t\t\t\t<\/div>\n\t\t\t\t<\/div>\n\t\t\t\t\t<\/div>\n\t\t<\/div>\n\t\t\t\t\t<\/div>\n\t\t<\/section>\n\t\t\t\t<\/div>","protected":false},"excerpt":{"rendered":"<p>Briefing &amp; Test Funk Das Briefing macht auf die wichtigsten Punkte aufmerksam, welche bei der Kommunikation per Funk auf dem Betriebsgel\u00e4nde des Flughafens Samedan zu ber\u00fccksichtigen sind. Nach erfolgreicher Absolvierung des Tests erhalten Sie per E-Mail eine Best\u00e4tigung mit Testresultat. Bitte beachten Sie F\u00fcr Briefing und Test ist eine Registrierung n\u00f6tig. Nach der Registrierung erhalten [&hellip;]<\/p>\n","protected":false},"author":5,"featured_media":0,"parent":0,"menu_order":0,"comment_status":"closed","ping_status":"closed","template":"","meta":{"footnotes":""},"class_list":["post-2067","page","type-page","status-publish","hentry"],"yoast_head":"<!-- This site is optimized with the Yoast SEO plugin v27.4 - https:\/\/yoast.com\/product\/yoast-seo-wordpress\/ -->\n<title>Funk - Engadin Airport St. Moritz - Samedan<\/title>\n<meta name=\"robots\" content=\"index, follow, max-snippet:-1, max-image-preview:large, max-video-preview:-1\" \/>\n<link rel=\"canonical\" href=\"https:\/\/www.engadin-airport.ch\/en\/radio\/\" \/>\n<meta property=\"og:locale\" content=\"en_GB\" \/>\n<meta property=\"og:type\" content=\"article\" \/>\n<meta property=\"og:title\" content=\"Funk - Engadin Airport St. Moritz - Samedan\" \/>\n<meta property=\"og:description\" content=\"Briefing &amp; Test Funk Das Briefing macht auf die wichtigsten Punkte aufmerksam, welche bei der Kommunikation per Funk auf dem Betriebsgel\u00e4nde des Flughafens Samedan zu ber\u00fccksichtigen sind. Nach erfolgreicher Absolvierung des Tests erhalten Sie per E-Mail eine Best\u00e4tigung mit Testresultat. Bitte beachten Sie F\u00fcr Briefing und Test ist eine Registrierung n\u00f6tig. Nach der Registrierung erhalten [&hellip;]\" \/>\n<meta property=\"og:url\" content=\"https:\/\/www.engadin-airport.ch\/en\/radio\/\" \/>\n<meta property=\"og:site_name\" content=\"Engadin Airport St. Moritz - Samedan\" \/>\n<meta property=\"article:modified_time\" content=\"2026-04-10T11:13:48+00:00\" \/>\n<meta name=\"twitter:card\" content=\"summary_large_image\" \/>\n<meta name=\"twitter:label1\" content=\"Estimated reading time\" \/>\n\t<meta name=\"twitter:data1\" content=\"1 minute\" \/>\n<script type=\"application\/ld+json\" class=\"yoast-schema-graph\">{\"@context\":\"https:\\\/\\\/schema.org\",\"@graph\":[{\"@type\":\"WebPage\",\"@id\":\"https:\\\/\\\/www.engadin-airport.ch\\\/funk\\\/\",\"url\":\"https:\\\/\\\/www.engadin-airport.ch\\\/funk\\\/\",\"name\":\"Funk - Engadin Airport St. Moritz - Samedan\",\"isPartOf\":{\"@id\":\"https:\\\/\\\/www.engadin-airport.ch\\\/#website\"},\"datePublished\":\"2023-06-19T15:16:08+00:00\",\"dateModified\":\"2026-04-10T11:13:48+00:00\",\"breadcrumb\":{\"@id\":\"https:\\\/\\\/www.engadin-airport.ch\\\/funk\\\/#breadcrumb\"},\"inLanguage\":\"en-GB\",\"potentialAction\":[{\"@type\":\"ReadAction\",\"target\":[\"https:\\\/\\\/www.engadin-airport.ch\\\/funk\\\/\"]}]},{\"@type\":\"BreadcrumbList\",\"@id\":\"https:\\\/\\\/www.engadin-airport.ch\\\/funk\\\/#breadcrumb\",\"itemListElement\":[{\"@type\":\"ListItem\",\"position\":1,\"name\":\"Startseite\",\"item\":\"https:\\\/\\\/www.engadin-airport.ch\\\/\"},{\"@type\":\"ListItem\",\"position\":2,\"name\":\"Funk\"}]},{\"@type\":\"WebSite\",\"@id\":\"https:\\\/\\\/www.engadin-airport.ch\\\/#website\",\"url\":\"https:\\\/\\\/www.engadin-airport.ch\\\/\",\"name\":\"Engadin Airport St. Moritz - Samedan\",\"description\":\"Regionalflughafen Engadin - Schweiz\",\"publisher\":{\"@id\":\"https:\\\/\\\/www.engadin-airport.ch\\\/#organization\"},\"potentialAction\":[{\"@type\":\"SearchAction\",\"target\":{\"@type\":\"EntryPoint\",\"urlTemplate\":\"https:\\\/\\\/www.engadin-airport.ch\\\/?s={search_term_string}\"},\"query-input\":{\"@type\":\"PropertyValueSpecification\",\"valueRequired\":true,\"valueName\":\"search_term_string\"}}],\"inLanguage\":\"en-GB\"},{\"@type\":\"Organization\",\"@id\":\"https:\\\/\\\/www.engadin-airport.ch\\\/#organization\",\"name\":\"Engadin Airport St. Moritz - Samedan\",\"url\":\"https:\\\/\\\/www.engadin-airport.ch\\\/\",\"logo\":{\"@type\":\"ImageObject\",\"inLanguage\":\"en-GB\",\"@id\":\"https:\\\/\\\/www.engadin-airport.ch\\\/#\\\/schema\\\/logo\\\/image\\\/\",\"url\":\"https:\\\/\\\/www.engadin-airport.ch\\\/wp-content\\\/uploads\\\/2020\\\/06\\\/engadin-airport_new_logo.svg\",\"contentUrl\":\"https:\\\/\\\/www.engadin-airport.ch\\\/wp-content\\\/uploads\\\/2020\\\/06\\\/engadin-airport_new_logo.svg\",\"width\":259,\"height\":106,\"caption\":\"Engadin Airport St. Moritz - Samedan\"},\"image\":{\"@id\":\"https:\\\/\\\/www.engadin-airport.ch\\\/#\\\/schema\\\/logo\\\/image\\\/\"}}]}<\/script>\n<!-- \/ Yoast SEO plugin. -->","yoast_head_json":{"title":"Radio - Engadin Airport St. Moritz - Samedan","robots":{"index":"index","follow":"follow","max-snippet":"max-snippet:-1","max-image-preview":"max-image-preview:large","max-video-preview":"max-video-preview:-1"},"canonical":"https:\/\/www.engadin-airport.ch\/en\/radio\/","og_locale":"en_GB","og_type":"article","og_title":"Funk - Engadin Airport St. Moritz - Samedan","og_description":"Briefing &amp; Test Funk Das Briefing macht auf die wichtigsten Punkte aufmerksam, welche bei der Kommunikation per Funk auf dem Betriebsgel\u00e4nde des Flughafens Samedan zu ber\u00fccksichtigen sind. Nach erfolgreicher Absolvierung des Tests erhalten Sie per E-Mail eine Best\u00e4tigung mit Testresultat. Bitte beachten Sie F\u00fcr Briefing und Test ist eine Registrierung n\u00f6tig. Nach der Registrierung erhalten [&hellip;]","og_url":"https:\/\/www.engadin-airport.ch\/en\/radio\/","og_site_name":"Engadin Airport St. Moritz - Samedan","article_modified_time":"2026-04-10T11:13:48+00:00","twitter_card":"summary_large_image","twitter_misc":{"Estimated reading time":"1 minute"},"schema":{"@context":"https:\/\/schema.org","@graph":[{"@type":"WebPage","@id":"https:\/\/www.engadin-airport.ch\/funk\/","url":"https:\/\/www.engadin-airport.ch\/funk\/","name":"Radio - Engadin Airport St. Moritz - Samedan","isPartOf":{"@id":"https:\/\/www.engadin-airport.ch\/#website"},"datePublished":"2023-06-19T15:16:08+00:00","dateModified":"2026-04-10T11:13:48+00:00","breadcrumb":{"@id":"https:\/\/www.engadin-airport.ch\/funk\/#breadcrumb"},"inLanguage":"en-GB","potentialAction":[{"@type":"ReadAction","target":["https:\/\/www.engadin-airport.ch\/funk\/"]}]},{"@type":"BreadcrumbList","@id":"https:\/\/www.engadin-airport.ch\/funk\/#breadcrumb","itemListElement":[{"@type":"ListItem","position":1,"name":"Startseite","item":"https:\/\/www.engadin-airport.ch\/"},{"@type":"ListItem","position":2,"name":"Funk"}]},{"@type":"WebSite","@id":"https:\/\/www.engadin-airport.ch\/#website","url":"https:\/\/www.engadin-airport.ch\/","name":"Engadin Airport St. Moritz - Samedan","description":"Engadin Regional Airport - Switzerland","publisher":{"@id":"https:\/\/www.engadin-airport.ch\/#organization"},"potentialAction":[{"@type":"SearchAction","target":{"@type":"EntryPoint","urlTemplate":"https:\/\/www.engadin-airport.ch\/?s={search_term_string}"},"query-input":{"@type":"PropertyValueSpecification","valueRequired":true,"valueName":"search_term_string"}}],"inLanguage":"en-GB"},{"@type":"Organization","@id":"https:\/\/www.engadin-airport.ch\/#organization","name":"Engadin Airport St. Moritz - Samedan","url":"https:\/\/www.engadin-airport.ch\/","logo":{"@type":"ImageObject","inLanguage":"en-GB","@id":"https:\/\/www.engadin-airport.ch\/#\/schema\/logo\/image\/","url":"https:\/\/www.engadin-airport.ch\/wp-content\/uploads\/2020\/06\/engadin-airport_new_logo.svg","contentUrl":"https:\/\/www.engadin-airport.ch\/wp-content\/uploads\/2020\/06\/engadin-airport_new_logo.svg","width":259,"height":106,"caption":"Engadin Airport St. Moritz - Samedan"},"image":{"@id":"https:\/\/www.engadin-airport.ch\/#\/schema\/logo\/image\/"}}]}},"_links":{"self":[{"href":"https:\/\/www.engadin-airport.ch\/en\/wp-json\/wp\/v2\/pages\/2067","targetHints":{"allow":["GET"]}}],"collection":[{"href":"https:\/\/www.engadin-airport.ch\/en\/wp-json\/wp\/v2\/pages"}],"about":[{"href":"https:\/\/www.engadin-airport.ch\/en\/wp-json\/wp\/v2\/types\/page"}],"author":[{"embeddable":true,"href":"https:\/\/www.engadin-airport.ch\/en\/wp-json\/wp\/v2\/users\/5"}],"replies":[{"embeddable":true,"href":"https:\/\/www.engadin-airport.ch\/en\/wp-json\/wp\/v2\/comments?post=2067"}],"version-history":[{"count":21,"href":"https:\/\/www.engadin-airport.ch\/en\/wp-json\/wp\/v2\/pages\/2067\/revisions"}],"predecessor-version":[{"id":4047,"href":"https:\/\/www.engadin-airport.ch\/en\/wp-json\/wp\/v2\/pages\/2067\/revisions\/4047"}],"wp:attachment":[{"href":"https:\/\/www.engadin-airport.ch\/en\/wp-json\/wp\/v2\/media?parent=2067"}],"curies":[{"name":"wp","href":"https:\/\/api.w.org\/{rel}","templated":true}]}}