{"id":1041,"date":"2022-03-24T17:01:58","date_gmt":"2022-03-24T16:01:58","guid":{"rendered":"https:\/\/nice.cloudconnection.ch\/engadin-airport_dev\/?page_id=1041"},"modified":"2023-06-19T14:21:27","modified_gmt":"2023-06-19T12:21:27","slug":"taxi-flights","status":"publish","type":"page","link":"https:\/\/www.engadin-airport.ch\/en\/taxifluege\/","title":{"rendered":"Taxi flights"},"content":{"rendered":"<div data-elementor-type=\"wp-page\" data-elementor-id=\"1041\" class=\"elementor elementor-1041\" data-elementor-post-type=\"page\">\n\t\t\t\t\t\t<section class=\"elementor-section elementor-top-section elementor-element elementor-element-e3b9c16 elementor-section-height-min-height elementor-section-full_width cc_ondark elementor-section-height-default elementor-section-items-middle\" data-id=\"e3b9c16\" data-element_type=\"section\" data-e-type=\"section\" data-settings=\"{&quot;background_background&quot;:&quot;classic&quot;}\">\n\t\t\t\t\t\t<div class=\"elementor-container elementor-column-gap-default\">\n\t\t\t\t\t<div class=\"elementor-column elementor-col-100 elementor-top-column elementor-element elementor-element-9d7201d\" data-id=\"9d7201d\" data-element_type=\"column\" data-e-type=\"column\">\n\t\t\t<div class=\"elementor-widget-wrap elementor-element-populated\">\n\t\t\t\t\t\t<div class=\"elementor-element elementor-element-313e969 elementor-widget elementor-widget-heading\" data-id=\"313e969\" data-element_type=\"widget\" data-e-type=\"widget\" data-widget_type=\"heading.default\">\n\t\t\t\t<div class=\"elementor-widget-container\">\n\t\t\t\t\t<h3 class=\"elementor-heading-title elementor-size-default\">Engadine Airport<\/h3>\t\t\t\t<\/div>\n\t\t\t\t<\/div>\n\t\t\t\t<div class=\"elementor-element elementor-element-26a5a11 elementor-widget elementor-widget-heading\" data-id=\"26a5a11\" data-element_type=\"widget\" data-e-type=\"widget\" data-widget_type=\"heading.default\">\n\t\t\t\t<div class=\"elementor-widget-container\">\n\t\t\t\t\t<h1 class=\"elementor-heading-title elementor-size-default\">Taxi flights<\/h1>\t\t\t\t<\/div>\n\t\t\t\t<\/div>\n\t\t\t\t\t<\/div>\n\t\t<\/div>\n\t\t\t\t\t<\/div>\n\t\t<\/section>\n\t\t\t\t<section class=\"elementor-section elementor-top-section elementor-element elementor-element-130bd12 elementor-section-full_width elementor-section-height-min-height elementor-section-items-stretch elementor-reverse-mobile elementor-reverse-tablet elementor-section-height-default\" data-id=\"130bd12\" data-element_type=\"section\" data-e-type=\"section\" data-settings=\"{&quot;background_background&quot;:&quot;classic&quot;}\">\n\t\t\t\t\t\t<div class=\"elementor-container elementor-column-gap-default\">\n\t\t\t\t\t<div class=\"elementor-column elementor-col-50 elementor-top-column elementor-element elementor-element-a732d10\" data-id=\"a732d10\" data-element_type=\"column\" data-e-type=\"column\" data-settings=\"{&quot;background_background&quot;:&quot;classic&quot;}\">\n\t\t\t<div class=\"elementor-widget-wrap elementor-element-populated\">\n\t\t\t\t\t\t<div class=\"elementor-element elementor-element-0f95f57 elementor-widget elementor-widget-spacer\" data-id=\"0f95f57\" data-element_type=\"widget\" data-e-type=\"widget\" data-widget_type=\"spacer.default\">\n\t\t\t\t<div class=\"elementor-widget-container\">\n\t\t\t\t\t\t\t<div class=\"elementor-spacer\">\n\t\t\t<div class=\"elementor-spacer-inner\"><\/div>\n\t\t<\/div>\n\t\t\t\t\t\t<\/div>\n\t\t\t\t<\/div>\n\t\t\t\t\t<\/div>\n\t\t<\/div>\n\t\t\t\t<div class=\"elementor-column elementor-col-50 elementor-top-column elementor-element elementor-element-43f631d\" data-id=\"43f631d\" data-element_type=\"column\" data-e-type=\"column\">\n\t\t\t<div class=\"elementor-widget-wrap elementor-element-populated\">\n\t\t\t\t\t\t<div class=\"elementor-element elementor-element-37ddd6d elementor-widget elementor-widget-heading\" data-id=\"37ddd6d\" data-element_type=\"widget\" data-e-type=\"widget\" data-widget_type=\"heading.default\">\n\t\t\t\t<div class=\"elementor-widget-container\">\n\t\t\t\t\t<h3 class=\"elementor-heading-title elementor-size-default\">Take the quickest route<\/h3>\t\t\t\t<\/div>\n\t\t\t\t<\/div>\n\t\t\t\t<div class=\"elementor-element elementor-element-45976a1 elementor-widget elementor-widget-text-editor\" data-id=\"45976a1\" data-element_type=\"widget\" data-e-type=\"widget\" data-widget_type=\"text-editor.default\">\n\t\t\t\t<div class=\"elementor-widget-container\">\n\t\t\t\t\t\t\t\t\t<p>Our local flight operators will fly you to a meeting or connecting flight or back to the Engadine safely and without delay.<\/p>\t\t\t\t\t\t\t\t<\/div>\n\t\t\t\t<\/div>\n\t\t\t\t\t<\/div>\n\t\t<\/div>\n\t\t\t\t\t<\/div>\n\t\t<\/section>\n\t\t\t\t<section class=\"elementor-section elementor-top-section elementor-element elementor-element-6049520 elementor-section-boxed elementor-section-height-default elementor-section-height-default\" data-id=\"6049520\" data-element_type=\"section\" data-e-type=\"section\" data-settings=\"{&quot;background_background&quot;:&quot;classic&quot;}\">\n\t\t\t\t\t\t<div class=\"elementor-container elementor-column-gap-no\">\n\t\t\t\t\t<div class=\"elementor-column elementor-col-100 elementor-top-column elementor-element elementor-element-824ee50\" data-id=\"824ee50\" data-element_type=\"column\" data-e-type=\"column\">\n\t\t\t<div class=\"elementor-widget-wrap elementor-element-populated\">\n\t\t\t\t\t\t<section class=\"elementor-section elementor-inner-section elementor-element elementor-element-86b14ec elementor-section-full_width elementor-section-height-default elementor-section-height-default\" data-id=\"86b14ec\" data-element_type=\"section\" data-e-type=\"section\">\n\t\t\t\t\t\t<div class=\"elementor-container elementor-column-gap-no\">\n\t\t\t\t\t<div class=\"elementor-column elementor-col-100 elementor-inner-column elementor-element elementor-element-d683b5a\" data-id=\"d683b5a\" data-element_type=\"column\" data-e-type=\"column\">\n\t\t\t<div class=\"elementor-widget-wrap elementor-element-populated\">\n\t\t\t\t\t\t<div class=\"elementor-element elementor-element-9095103 elementor-widget__width-initial elementor-widget-mobile__width-inherit elementor-widget elementor-widget-uael-infobox\" data-id=\"9095103\" data-element_type=\"widget\" data-e-type=\"widget\" data-widget_type=\"uael-infobox.default\">\n\t\t\t\t<div class=\"elementor-widget-container\">\n\t\t\t\t\t\n<div class=\"uael-module-content uael-infobox uael-imgicon-style-normal  infobox-has-photo uael-infobox-photo-above-title  uael-infobox-link-type-module\">\n\t<div class=\"uael-infobox-left-right-wrap\">\n\t\t\t\t\t<a href=\"https:\/\/www.helibernina.ch\/\" target=\"_blank\" class=\"uael-infobox-module-link\" aria-label=\"Infobox Link\"><\/a>\n\t\t\t\t\t\t\t<div class=\"uael-infobox-content\">\n\t\t\t\t\t\t\t<div class=\"uael-module-content uael-imgicon-wrap\">\t\t\t\t\t\t\t\t\t\t\t\n\t\t\t\t\t\t\t\t\t\t\t\t\t\t\t\t<div class=\"uael-image\" itemscope itemtype=\"http:\/\/schema.org\/ImageObject\">\n\t\t\t\t\t\t\t<div class=\"uael-image-content elementor-animation-\">\n\t\t\t\t\t\t\t\t<img decoding=\"async\" width=\"358\" height=\"100\" src=\"https:\/\/www.engadin-airport.ch\/wp-content\/uploads\/2022\/03\/ea_partner_helibernina.png\" class=\"attachment-full size-full wp-image-1127\" alt=\"\" srcset=\"https:\/\/www.engadin-airport.ch\/wp-content\/uploads\/2022\/03\/ea_partner_helibernina.png 358w, https:\/\/www.engadin-airport.ch\/wp-content\/uploads\/2022\/03\/ea_partner_helibernina-300x84.png 300w, https:\/\/www.engadin-airport.ch\/wp-content\/uploads\/2022\/03\/ea_partner_helibernina-18x5.png 18w\" sizes=\"(max-width: 358px) 100vw, 358px\" \/>\t\t\t\t\t\t\t<\/div>\n\t\t\t\t\t\t<\/div>\n\n\t\t\t\t\t\t\t\t\t<\/div>\n\t\t\t\t\t\t\t<div class='uael-infobox-title-wrap'><h3 class=\"uael-infobox-title elementor-inline-editing\" data-elementor-setting-key=\"infobox_title\" data-elementor-inline-editing-toolbar=\"basic\" >Heli Bernina<\/h3><\/div>\t\t\t\t\t\t<div class=\"uael-separator-parent\">\n\t\t\t\t<div class=\"uael-separator\"><\/div>\n\t\t\t<\/div>\n\t\t\t\t\t\t\t\t\t<div class=\"uael-infobox-text-wrap\">\n\t\t\t\t<div class=\"uael-infobox-text elementor-inline-editing\" data-elementor-setting-key=\"infobox_description\" data-elementor-inline-editing-toolbar=\"advanced\">\n\t\t\t\t\t\t\t\t\t<\/div>\n\t\t\t\t\t\n\t\t\t\t\t\t\t<\/div>\n\t\t<\/div>\n\t\t\t<\/div>\n<\/div>\n\t\t\t\t<\/div>\n\t\t\t\t<\/div>\n\t\t\t\t<div class=\"elementor-element elementor-element-c6efc8c elementor-widget__width-initial elementor-widget-mobile__width-inherit elementor-widget elementor-widget-uael-infobox\" data-id=\"c6efc8c\" data-element_type=\"widget\" data-e-type=\"widget\" data-widget_type=\"uael-infobox.default\">\n\t\t\t\t<div class=\"elementor-widget-container\">\n\t\t\t\t\t\n<div class=\"uael-module-content uael-infobox uael-imgicon-style-normal  infobox-has-photo uael-infobox-photo-above-title  uael-infobox-link-type-module\">\n\t<div class=\"uael-infobox-left-right-wrap\">\n\t\t\t\t\t<a href=\"https:\/\/www.swisshelicopter.ch\/\" target=\"_blank\" class=\"uael-infobox-module-link\" aria-label=\"Infobox Link\"><\/a>\n\t\t\t\t\t\t\t<div class=\"uael-infobox-content\">\n\t\t\t\t\t\t\t<div class=\"uael-module-content uael-imgicon-wrap\">\t\t\t\t\t\t\t\t\t\t\t\n\t\t\t\t\t\t\t\t\t\t\t\t\t\t\t\t<div class=\"uael-image\" itemscope itemtype=\"http:\/\/schema.org\/ImageObject\">\n\t\t\t\t\t\t\t<div class=\"uael-image-content elementor-animation-\">\n\t\t\t\t\t\t\t\t<img decoding=\"async\" width=\"294\" height=\"100\" src=\"https:\/\/www.engadin-airport.ch\/wp-content\/uploads\/2022\/03\/ea_partner_swisshelicopter.svg\" class=\"attachment-full size-full wp-image-1128\" alt=\"\" \/>\t\t\t\t\t\t\t<\/div>\n\t\t\t\t\t\t<\/div>\n\n\t\t\t\t\t\t\t\t\t<\/div>\n\t\t\t\t\t\t\t<div class='uael-infobox-title-wrap'><h3 class=\"uael-infobox-title elementor-inline-editing\" data-elementor-setting-key=\"infobox_title\" data-elementor-inline-editing-toolbar=\"basic\" >Swiss Helicopter<\/h3><\/div>\t\t\t\t\t\t<div class=\"uael-separator-parent\">\n\t\t\t\t<div class=\"uael-separator\"><\/div>\n\t\t\t<\/div>\n\t\t\t\t\t\t\t\t\t<div class=\"uael-infobox-text-wrap\">\n\t\t\t\t<div class=\"uael-infobox-text elementor-inline-editing\" data-elementor-setting-key=\"infobox_description\" data-elementor-inline-editing-toolbar=\"advanced\">\n\t\t\t\t\t\t\t\t\t<\/div>\n\t\t\t\t\t\n\t\t\t\t\t\t\t<\/div>\n\t\t<\/div>\n\t\t\t<\/div>\n<\/div>\n\t\t\t\t<\/div>\n\t\t\t\t<\/div>\n\t\t\t\t<div class=\"elementor-element elementor-element-ef76217 elementor-widget__width-initial elementor-widget-mobile__width-inherit elementor-widget elementor-widget-uael-infobox\" data-id=\"ef76217\" data-element_type=\"widget\" data-e-type=\"widget\" data-widget_type=\"uael-infobox.default\">\n\t\t\t\t<div class=\"elementor-widget-container\">\n\t\t\t\t\t\n<div class=\"uael-module-content uael-infobox uael-imgicon-style-normal  infobox-has-photo uael-infobox-photo-above-title  uael-infobox-link-type-module\">\n\t<div class=\"uael-infobox-left-right-wrap\">\n\t\t\t\t\t<a href=\"https:\/\/www.aircorviglia.ch\/\" target=\"_blank\" class=\"uael-infobox-module-link\" aria-label=\"Infobox Link\"><\/a>\n\t\t\t\t\t\t\t<div class=\"uael-infobox-content\">\n\t\t\t\t\t\t\t<div class=\"uael-module-content uael-imgicon-wrap\">\t\t\t\t\t\t\t\t\t\t\t\n\t\t\t\t\t\t\t\t\t\t\t\t\t\t\t\t<div class=\"uael-image\" itemscope itemtype=\"http:\/\/schema.org\/ImageObject\">\n\t\t\t\t\t\t\t<div class=\"uael-image-content elementor-animation-\">\n\t\t\t\t\t\t\t\t<img decoding=\"async\" width=\"200\" height=\"70\" src=\"https:\/\/www.engadin-airport.ch\/wp-content\/uploads\/2022\/03\/ea_partner_logo_air_corviglia.png\" class=\"attachment-full size-full wp-image-1130\" alt=\"\" srcset=\"https:\/\/www.engadin-airport.ch\/wp-content\/uploads\/2022\/03\/ea_partner_logo_air_corviglia.png 200w, https:\/\/www.engadin-airport.ch\/wp-content\/uploads\/2022\/03\/ea_partner_logo_air_corviglia-18x6.png 18w\" sizes=\"(max-width: 200px) 100vw, 200px\" \/>\t\t\t\t\t\t\t<\/div>\n\t\t\t\t\t\t<\/div>\n\n\t\t\t\t\t\t\t\t\t<\/div>\n\t\t\t\t\t\t\t<div class='uael-infobox-title-wrap'><h3 class=\"uael-infobox-title elementor-inline-editing\" data-elementor-setting-key=\"infobox_title\" data-elementor-inline-editing-toolbar=\"basic\" >Air Corviglia<\/h3><\/div>\t\t\t\t\t\t<div class=\"uael-separator-parent\">\n\t\t\t\t<div class=\"uael-separator\"><\/div>\n\t\t\t<\/div>\n\t\t\t\t\t\t\t\t\t<div class=\"uael-infobox-text-wrap\">\n\t\t\t\t<div class=\"uael-infobox-text elementor-inline-editing\" data-elementor-setting-key=\"infobox_description\" data-elementor-inline-editing-toolbar=\"advanced\">\n\t\t\t\t\t\t\t\t\t<\/div>\n\t\t\t\t\t\n\t\t\t\t\t\t\t<\/div>\n\t\t<\/div>\n\t\t\t<\/div>\n<\/div>\n\t\t\t\t<\/div>\n\t\t\t\t<\/div>\n\t\t\t\t<div class=\"elementor-element elementor-element-4d4f24e elementor-widget__width-initial elementor-widget-mobile__width-inherit elementor-widget elementor-widget-uael-infobox\" data-id=\"4d4f24e\" data-element_type=\"widget\" data-e-type=\"widget\" data-widget_type=\"uael-infobox.default\">\n\t\t\t\t<div class=\"elementor-widget-container\">\n\t\t\t\t\t\n<div class=\"uael-module-content uael-infobox uael-imgicon-style-normal  infobox-has-photo uael-infobox-photo-above-title  uael-infobox-link-type-module\">\n\t<div class=\"uael-infobox-left-right-wrap\">\n\t\t\t\t\t<a href=\"https:\/\/www.bellavistaflyers.ch\/\" target=\"_blank\" class=\"uael-infobox-module-link\" aria-label=\"Infobox Link\"><\/a>\n\t\t\t\t\t\t\t<div class=\"uael-infobox-content\">\n\t\t\t\t\t\t\t<div class=\"uael-module-content uael-imgicon-wrap\">\t\t\t\t\t\t\t\t\t\t\t\n\t\t\t\t\t\t\t\t\t\t\t\t\t\t\t\t<div class=\"uael-image\" itemscope itemtype=\"http:\/\/schema.org\/ImageObject\">\n\t\t\t\t\t\t\t<div class=\"uael-image-content elementor-animation-\">\n\t\t\t\t\t\t\t\t<img loading=\"lazy\" decoding=\"async\" width=\"261\" height=\"188\" src=\"https:\/\/www.engadin-airport.ch\/wp-content\/uploads\/2022\/03\/ea_partner_bellavista-flyers.jpeg\" class=\"attachment-full size-full wp-image-1213\" alt=\"\" srcset=\"https:\/\/www.engadin-airport.ch\/wp-content\/uploads\/2022\/03\/ea_partner_bellavista-flyers.jpeg 261w, https:\/\/www.engadin-airport.ch\/wp-content\/uploads\/2022\/03\/ea_partner_bellavista-flyers-18x12.jpeg 18w\" sizes=\"(max-width: 261px) 100vw, 261px\" \/>\t\t\t\t\t\t\t<\/div>\n\t\t\t\t\t\t<\/div>\n\n\t\t\t\t\t\t\t\t\t<\/div>\n\t\t\t\t\t\t\t<div class='uael-infobox-title-wrap'><h3 class=\"uael-infobox-title elementor-inline-editing\" data-elementor-setting-key=\"infobox_title\" data-elementor-inline-editing-toolbar=\"basic\" >Bellavista Flyers<\/h3><\/div>\t\t\t\t\t\t<div class=\"uael-separator-parent\">\n\t\t\t\t<div class=\"uael-separator\"><\/div>\n\t\t\t<\/div>\n\t\t\t\t\t\t\t\t\t<div class=\"uael-infobox-text-wrap\">\n\t\t\t\t<div class=\"uael-infobox-text elementor-inline-editing\" data-elementor-setting-key=\"infobox_description\" data-elementor-inline-editing-toolbar=\"advanced\">\n\t\t\t\t\t\t\t\t\t<\/div>\n\t\t\t\t\t\n\t\t\t\t\t\t\t<\/div>\n\t\t<\/div>\n\t\t\t<\/div>\n<\/div>\n\t\t\t\t<\/div>\n\t\t\t\t<\/div>\n\t\t\t\t\t<\/div>\n\t\t<\/div>\n\t\t\t\t\t<\/div>\n\t\t<\/section>\n\t\t\t\t\t<\/div>\n\t\t<\/div>\n\t\t\t\t\t<\/div>\n\t\t<\/section>\n\t\t\t\t<\/div>","protected":false},"excerpt":{"rendered":"<p>Engadin Airport taxi flights The quickest route Our local flight operations will bring you to meetings or connecting flights or the shortest route back to the Engadin. Heli Bernina Swiss Helicopter Air Corviglia Bellavista Flyers quickly and safely<\/p>","protected":false},"author":5,"featured_media":0,"parent":0,"menu_order":0,"comment_status":"closed","ping_status":"closed","template":"","meta":{"footnotes":""},"class_list":["post-1041","page","type-page","status-publish","hentry"],"yoast_head":"<!-- This site is optimized with the Yoast SEO plugin v27.4 - https:\/\/yoast.com\/product\/yoast-seo-wordpress\/ -->\n<title>Taxifl\u00fcge - Engadin Airport St. Moritz - Samedan<\/title>\n<meta name=\"robots\" content=\"index, follow, max-snippet:-1, max-image-preview:large, max-video-preview:-1\" \/>\n<link rel=\"canonical\" href=\"https:\/\/www.engadin-airport.ch\/en\/taxi-flights\/\" \/>\n<meta property=\"og:locale\" content=\"en_GB\" \/>\n<meta property=\"og:type\" content=\"article\" \/>\n<meta property=\"og:title\" content=\"Taxifl\u00fcge - Engadin Airport St. Moritz - Samedan\" \/>\n<meta property=\"og:description\" content=\"Engadin Airport Taxifl\u00fcge Auf dem schnellsten Weg Unsere lokalen Flugbetriebe bringen Sie zu Meetings oder Anschlussfl\u00fcgen oder auf den k\u00fcrzesten Weg wieder rasch und sicher ins Engadin. Heli Bernina Swiss Helicopter Air Corviglia Bellavista Flyers\" \/>\n<meta property=\"og:url\" content=\"https:\/\/www.engadin-airport.ch\/en\/taxi-flights\/\" \/>\n<meta property=\"og:site_name\" content=\"Engadin Airport St. Moritz - Samedan\" \/>\n<meta property=\"article:modified_time\" content=\"2023-06-19T12:21:27+00:00\" \/>\n<meta property=\"og:image\" content=\"https:\/\/www.engadin-airport.ch\/wp-content\/uploads\/2022\/03\/ea_partner_helibernina.png\" \/>\n<meta name=\"twitter:card\" content=\"summary_large_image\" \/>\n<meta name=\"twitter:label1\" content=\"Estimated reading time\" \/>\n\t<meta name=\"twitter:data1\" content=\"1 minute\" \/>\n<script type=\"application\/ld+json\" class=\"yoast-schema-graph\">{\"@context\":\"https:\\\/\\\/schema.org\",\"@graph\":[{\"@type\":\"WebPage\",\"@id\":\"https:\\\/\\\/www.engadin-airport.ch\\\/taxifluege\\\/\",\"url\":\"https:\\\/\\\/www.engadin-airport.ch\\\/taxifluege\\\/\",\"name\":\"Taxifl\u00fcge - Engadin Airport St. Moritz - Samedan\",\"isPartOf\":{\"@id\":\"https:\\\/\\\/www.engadin-airport.ch\\\/#website\"},\"primaryImageOfPage\":{\"@id\":\"https:\\\/\\\/www.engadin-airport.ch\\\/taxifluege\\\/#primaryimage\"},\"image\":{\"@id\":\"https:\\\/\\\/www.engadin-airport.ch\\\/taxifluege\\\/#primaryimage\"},\"thumbnailUrl\":\"https:\\\/\\\/www.engadin-airport.ch\\\/wp-content\\\/uploads\\\/2022\\\/03\\\/ea_partner_helibernina.png\",\"datePublished\":\"2022-03-24T16:01:58+00:00\",\"dateModified\":\"2023-06-19T12:21:27+00:00\",\"breadcrumb\":{\"@id\":\"https:\\\/\\\/www.engadin-airport.ch\\\/taxifluege\\\/#breadcrumb\"},\"inLanguage\":\"en-GB\",\"potentialAction\":[{\"@type\":\"ReadAction\",\"target\":[\"https:\\\/\\\/www.engadin-airport.ch\\\/taxifluege\\\/\"]}]},{\"@type\":\"ImageObject\",\"inLanguage\":\"en-GB\",\"@id\":\"https:\\\/\\\/www.engadin-airport.ch\\\/taxifluege\\\/#primaryimage\",\"url\":\"https:\\\/\\\/www.engadin-airport.ch\\\/wp-content\\\/uploads\\\/2022\\\/03\\\/ea_partner_helibernina.png\",\"contentUrl\":\"https:\\\/\\\/www.engadin-airport.ch\\\/wp-content\\\/uploads\\\/2022\\\/03\\\/ea_partner_helibernina.png\"},{\"@type\":\"BreadcrumbList\",\"@id\":\"https:\\\/\\\/www.engadin-airport.ch\\\/taxifluege\\\/#breadcrumb\",\"itemListElement\":[{\"@type\":\"ListItem\",\"position\":1,\"name\":\"Startseite\",\"item\":\"https:\\\/\\\/www.engadin-airport.ch\\\/\"},{\"@type\":\"ListItem\",\"position\":2,\"name\":\"Taxifl\u00fcge\"}]},{\"@type\":\"WebSite\",\"@id\":\"https:\\\/\\\/www.engadin-airport.ch\\\/#website\",\"url\":\"https:\\\/\\\/www.engadin-airport.ch\\\/\",\"name\":\"Engadin Airport St. Moritz - Samedan\",\"description\":\"Regionalflughafen Engadin - Schweiz\",\"publisher\":{\"@id\":\"https:\\\/\\\/www.engadin-airport.ch\\\/#organization\"},\"potentialAction\":[{\"@type\":\"SearchAction\",\"target\":{\"@type\":\"EntryPoint\",\"urlTemplate\":\"https:\\\/\\\/www.engadin-airport.ch\\\/?s={search_term_string}\"},\"query-input\":{\"@type\":\"PropertyValueSpecification\",\"valueRequired\":true,\"valueName\":\"search_term_string\"}}],\"inLanguage\":\"en-GB\"},{\"@type\":\"Organization\",\"@id\":\"https:\\\/\\\/www.engadin-airport.ch\\\/#organization\",\"name\":\"Engadin Airport St. Moritz - Samedan\",\"url\":\"https:\\\/\\\/www.engadin-airport.ch\\\/\",\"logo\":{\"@type\":\"ImageObject\",\"inLanguage\":\"en-GB\",\"@id\":\"https:\\\/\\\/www.engadin-airport.ch\\\/#\\\/schema\\\/logo\\\/image\\\/\",\"url\":\"https:\\\/\\\/www.engadin-airport.ch\\\/wp-content\\\/uploads\\\/2020\\\/06\\\/engadin-airport_new_logo.svg\",\"contentUrl\":\"https:\\\/\\\/www.engadin-airport.ch\\\/wp-content\\\/uploads\\\/2020\\\/06\\\/engadin-airport_new_logo.svg\",\"width\":259,\"height\":106,\"caption\":\"Engadin Airport St. Moritz - Samedan\"},\"image\":{\"@id\":\"https:\\\/\\\/www.engadin-airport.ch\\\/#\\\/schema\\\/logo\\\/image\\\/\"}}]}<\/script>\n<!-- \/ Yoast SEO plugin. -->","yoast_head_json":{"title":"Taxi flights - Engadin Airport St. Moritz - Samedan","robots":{"index":"index","follow":"follow","max-snippet":"max-snippet:-1","max-image-preview":"max-image-preview:large","max-video-preview":"max-video-preview:-1"},"canonical":"https:\/\/www.engadin-airport.ch\/en\/taxi-flights\/","og_locale":"en_GB","og_type":"article","og_title":"Taxifl\u00fcge - Engadin Airport St. Moritz - Samedan","og_description":"Engadin Airport Taxifl\u00fcge Auf dem schnellsten Weg Unsere lokalen Flugbetriebe bringen Sie zu Meetings oder Anschlussfl\u00fcgen oder auf den k\u00fcrzesten Weg wieder rasch und sicher ins Engadin. Heli Bernina Swiss Helicopter Air Corviglia Bellavista Flyers","og_url":"https:\/\/www.engadin-airport.ch\/en\/taxi-flights\/","og_site_name":"Engadin Airport St. Moritz - Samedan","article_modified_time":"2023-06-19T12:21:27+00:00","og_image":[{"url":"https:\/\/www.engadin-airport.ch\/wp-content\/uploads\/2022\/03\/ea_partner_helibernina.png","type":"","width":"","height":""}],"twitter_card":"summary_large_image","twitter_misc":{"Estimated reading time":"1 minute"},"schema":{"@context":"https:\/\/schema.org","@graph":[{"@type":"WebPage","@id":"https:\/\/www.engadin-airport.ch\/taxifluege\/","url":"https:\/\/www.engadin-airport.ch\/taxifluege\/","name":"Taxi flights - Engadin Airport St. Moritz - Samedan","isPartOf":{"@id":"https:\/\/www.engadin-airport.ch\/#website"},"primaryImageOfPage":{"@id":"https:\/\/www.engadin-airport.ch\/taxifluege\/#primaryimage"},"image":{"@id":"https:\/\/www.engadin-airport.ch\/taxifluege\/#primaryimage"},"thumbnailUrl":"https:\/\/www.engadin-airport.ch\/wp-content\/uploads\/2022\/03\/ea_partner_helibernina.png","datePublished":"2022-03-24T16:01:58+00:00","dateModified":"2023-06-19T12:21:27+00:00","breadcrumb":{"@id":"https:\/\/www.engadin-airport.ch\/taxifluege\/#breadcrumb"},"inLanguage":"en-GB","potentialAction":[{"@type":"ReadAction","target":["https:\/\/www.engadin-airport.ch\/taxifluege\/"]}]},{"@type":"ImageObject","inLanguage":"en-GB","@id":"https:\/\/www.engadin-airport.ch\/taxifluege\/#primaryimage","url":"https:\/\/www.engadin-airport.ch\/wp-content\/uploads\/2022\/03\/ea_partner_helibernina.png","contentUrl":"https:\/\/www.engadin-airport.ch\/wp-content\/uploads\/2022\/03\/ea_partner_helibernina.png"},{"@type":"BreadcrumbList","@id":"https:\/\/www.engadin-airport.ch\/taxifluege\/#breadcrumb","itemListElement":[{"@type":"ListItem","position":1,"name":"Startseite","item":"https:\/\/www.engadin-airport.ch\/"},{"@type":"ListItem","position":2,"name":"Taxifl\u00fcge"}]},{"@type":"WebSite","@id":"https:\/\/www.engadin-airport.ch\/#website","url":"https:\/\/www.engadin-airport.ch\/","name":"Engadin Airport St. Moritz - Samedan","description":"Engadin Regional Airport - Switzerland","publisher":{"@id":"https:\/\/www.engadin-airport.ch\/#organization"},"potentialAction":[{"@type":"SearchAction","target":{"@type":"EntryPoint","urlTemplate":"https:\/\/www.engadin-airport.ch\/?s={search_term_string}"},"query-input":{"@type":"PropertyValueSpecification","valueRequired":true,"valueName":"search_term_string"}}],"inLanguage":"en-GB"},{"@type":"Organization","@id":"https:\/\/www.engadin-airport.ch\/#organization","name":"Engadin Airport St. Moritz - Samedan","url":"https:\/\/www.engadin-airport.ch\/","logo":{"@type":"ImageObject","inLanguage":"en-GB","@id":"https:\/\/www.engadin-airport.ch\/#\/schema\/logo\/image\/","url":"https:\/\/www.engadin-airport.ch\/wp-content\/uploads\/2020\/06\/engadin-airport_new_logo.svg","contentUrl":"https:\/\/www.engadin-airport.ch\/wp-content\/uploads\/2020\/06\/engadin-airport_new_logo.svg","width":259,"height":106,"caption":"Engadin Airport St. Moritz - Samedan"},"image":{"@id":"https:\/\/www.engadin-airport.ch\/#\/schema\/logo\/image\/"}}]}},"_links":{"self":[{"href":"https:\/\/www.engadin-airport.ch\/en\/wp-json\/wp\/v2\/pages\/1041","targetHints":{"allow":["GET"]}}],"collection":[{"href":"https:\/\/www.engadin-airport.ch\/en\/wp-json\/wp\/v2\/pages"}],"about":[{"href":"https:\/\/www.engadin-airport.ch\/en\/wp-json\/wp\/v2\/types\/page"}],"author":[{"embeddable":true,"href":"https:\/\/www.engadin-airport.ch\/en\/wp-json\/wp\/v2\/users\/5"}],"replies":[{"embeddable":true,"href":"https:\/\/www.engadin-airport.ch\/en\/wp-json\/wp\/v2\/comments?post=1041"}],"version-history":[{"count":16,"href":"https:\/\/www.engadin-airport.ch\/en\/wp-json\/wp\/v2\/pages\/1041\/revisions"}],"predecessor-version":[{"id":1967,"href":"https:\/\/www.engadin-airport.ch\/en\/wp-json\/wp\/v2\/pages\/1041\/revisions\/1967"}],"wp:attachment":[{"href":"https:\/\/www.engadin-airport.ch\/en\/wp-json\/wp\/v2\/media?parent=1041"}],"curies":[{"name":"wp","href":"https:\/\/api.w.org\/{rel}","templated":true}]}}